{"id":538,"date":"2018-08-18T11:32:37","date_gmt":"2018-08-18T15:32:37","guid":{"rendered":"https:\/\/cpadollard.com\/?page_id=538"},"modified":"2025-03-30T11:06:19","modified_gmt":"2025-03-30T15:06:19","slug":"contactez-nous","status":"publish","type":"page","link":"https:\/\/cpadollard.com\/fr\/contactez-nous\/","title":{"rendered":"Contactez-nous"},"content":{"rendered":"<div class=\"row \">\n<div class=\"col-lg-6 col-md-6 col-xs-12 col-sm-12\">\n<p>Vous pouvez nous contacter pour toute question :<\/p>\n<p><strong>Pour les probl\u00e8mes\/questions concernant l&rsquo;inscription<\/strong>: registrar@cpadollard.com<br \/>\n<strong>Pour les remboursements\/les finances<\/strong>: treasurer@cpadollard.com<br \/>\n<strong>Sport Etudes<\/strong>: gerald.delloye@cpadollard.com<br \/>\n<strong>Entra\u00eeneurs<\/strong>: <a href=\"mailto:sylvie_lamothe_6@me.com\">sylvie_lamothe_6@me.com<\/a><\/p>\n<p>Pour toute autre question, n&rsquo;h\u00e9sitez pas \u00e0 utiliser le formulaire ci-dessous.<br \/>\nVeuillez noter qu&rsquo;un b\u00e9n\u00e9vole vous r\u00e9pondra dans un d\u00e9lai de 24 \u00e0 48 heures. Nous vous remercions de votre compr\u00e9hension.<\/p>\n<p>[contact-form-7 id=\u00a0\u00bb541&Prime; title=\u00a0\u00bbContact FR\u00a0\u00bb]<\/p>\n<\/div>\n<div class=\"col-lg-6 col-md-6 col-xs-12 col-sm-12\"><iframe loading=\"lazy\" style=\"border: 0;\" src=\"https:\/\/www.google.com\/maps\/embed?pb=!1m18!1m12!1m3!1d22378.453320171666!2d-73.82553336044921!3d45.48376899999998!2m3!1f0!2f0!3f0!3m2!1i1024!2i768!4f13.1!3m3!1m2!1s0x4cc93c92f240f5af%3A0x2ec3cbb6c33f528!2sDollard+Figure+Skating+Club!5e0!3m2!1sfr!2sca!4v1513362254680\" width=\"600\" height=\"450\" frameborder=\"0\" allowfullscreen=\"allowfullscreen\"><\/iframe><\/div>\n<\/div>\n","protected":false},"excerpt":{"rendered":"<p>Vous pouvez nous contacter pour toute question : Pour les probl\u00e8mes\/questions concernant l&rsquo;inscription: registrar@cpadollard.com Pour les remboursements\/les finances: treasurer@cpadollard.com Sport Etudes: gerald.delloye@cpadollard.com Entra\u00eeneurs: sylvie_lamothe_6@me.com Pour toute autre question, n&rsquo;h\u00e9sitez pas \u00e0 utiliser le formulaire ci-dessous. Veuillez noter qu&rsquo;un b\u00e9n\u00e9vole vous r\u00e9pondra dans un d\u00e9lai de 24 \u00e0 48 heures. Nous vous remercions de votre compr\u00e9hension. <a class=\"more-link\" href=\"https:\/\/cpadollard.com\/fr\/contactez-nous\/\">la suite&#8230; <i class=\"fa fa-chevron-right\"><\/i><\/a><\/p>\n","protected":false},"author":1,"featured_media":0,"parent":0,"menu_order":0,"comment_status":"closed","ping_status":"closed","template":"page-fullwidth.php","meta":{"footnotes":""},"class_list":["post-538","page","type-page","status-publish","hentry"],"_links":{"self":[{"href":"https:\/\/cpadollard.com\/fr\/wp-json\/wp\/v2\/pages\/538","targetHints":{"allow":["GET"]}}],"collection":[{"href":"https:\/\/cpadollard.com\/fr\/wp-json\/wp\/v2\/pages"}],"about":[{"href":"https:\/\/cpadollard.com\/fr\/wp-json\/wp\/v2\/types\/page"}],"author":[{"embeddable":true,"href":"https:\/\/cpadollard.com\/fr\/wp-json\/wp\/v2\/users\/1"}],"replies":[{"embeddable":true,"href":"https:\/\/cpadollard.com\/fr\/wp-json\/wp\/v2\/comments?post=538"}],"version-history":[{"count":5,"href":"https:\/\/cpadollard.com\/fr\/wp-json\/wp\/v2\/pages\/538\/revisions"}],"predecessor-version":[{"id":1890,"href":"https:\/\/cpadollard.com\/fr\/wp-json\/wp\/v2\/pages\/538\/revisions\/1890"}],"wp:attachment":[{"href":"https:\/\/cpadollard.com\/fr\/wp-json\/wp\/v2\/media?parent=538"}],"curies":[{"name":"wp","href":"https:\/\/api.w.org\/{rel}","templated":true}]}}