{"id":523,"date":"2018-08-18T11:25:51","date_gmt":"2018-08-18T15:25:51","guid":{"rendered":"https:\/\/cpadollard.com\/?page_id=523"},"modified":"2025-10-02T20:54:44","modified_gmt":"2025-10-03T00:54:44","slug":"inscriptions","status":"publish","type":"page","link":"https:\/\/cpadollard.com\/fr\/inscriptions\/","title":{"rendered":"Inscriptions"},"content":{"rendered":"<h2>Inscriptions PATINAGE PLUS Autonme\/Hiver 2025\/2026<\/h2>\n<h3>Apprendre \u00e0 patiner pour les 4 \u00e0 99 ans<\/h3>\n<p>Visitez notre site d&rsquo;<a href=\"https:\/\/cpadollard.uplifterinc.com\/\">inscription<\/a>.<\/p>\n<p>&nbsp;<\/p>\n<hr \/>\n<p>&nbsp;<\/p>\n<h2>Inscriptions PATINAGE STAR\u00a0Autonme\/Hiver 2025\/2026<\/h2>\n<h3>Le\u00e7ons priv\u00e9es &#8211; Ouvert aux patineurs qui ont les comp\u00e9tences de base en patin et qui ont un entra\u00eeneur priv\u00e9<\/h3>\n<p>Visitez notre site d&rsquo;<a href=\"https:\/\/cpadollard.uplifterinc.com\/\">inscription<\/a>.<\/p>\n<p><!--\n\n\n<div class=\"content-area col-sm-12 col-md-12\">\n\n<span data-mce-type=\"bookmark\" style=\"display: inline-block; width: 0px; overflow: hidden; line-height: 0;\" class=\"mce_SELRES_start\"><\/span>\n\n\n<div>\n\n\n<h1>\u00c9cole d'\u00e9t\u00e9 du CPA Dollard 26 juin au 11 ao\u00fbt 2023<\/h1>\n\n\n\n\n<div>\n\n\n<h3><\/h3>\n\n\n\n\n<h2>Groupes<\/h2>\n\n\n<\/div>\n\n\n\n\n<ul>\n \t\n\n<li>Groupe 1: Comp\u00e9titif &amp; Star 3+ (MAX 20 patineurs par jour)<\/li>\n\n\n \t\n\n<li>Groupe 2: Sans test, Star 1 et Star 2 (MAX 20 patineurs par jour)<\/li>\n\n\n<\/ul>\n\n\n\n\n<h2>Frais<\/h2>\n\n\n\n\n<h3>Membre du CPA Dollard - Rabais important pour les membres cette ann\u00e9e!<\/h3>\n\n\n\n\n<div>\n\nVous pouvez vous inscrire \u00e0 l'\u00e9cole d'\u00e9t\u00e9:\n\n\n<ul>\n \t\n\n<li>\u00c0 la semaine pour 135$\/par semaine<\/li>\n\n\n \t\n\n<li>Pour 5 fois ou plus la m\u00eame journ\u00e9e de la semaine 27$\/par jour<\/li>\n\n\n \t\n\n<li>\u00c0 la journ\u00e9e pour 30$\/par jour<\/li>\n\n\n<\/ul>\n\n\n\n\n<h3>Patineurs ext\u00e9rieurs<\/h3>\n\n\nVous pouvez vous inscrire \u00e0 l'\u00e9cole d'\u00e9t\u00e9:\n\n\n<ul>\n \t\n\n<li>\u00c0 la semaine pour 225$\/par semaine<\/li>\n\n\n \t\n\n<li>Pour 5 fois ou plus la m\u00eame journ\u00e9e de la semaine 45$\/par jour<\/li>\n\n\n \t\n\n<li>\u00c0 la journ\u00e9e pour 50$\/par jour<\/li>\n\n\n<\/ul>\n\n\n\n\n<pre>Les frais inclus les entra\u00eeneurs pour le hors-glace, pour le spinner, pour le stroking et la location de la glace. Les frais des entra\u00eeneurs pour le freestyle ne sont pas inclus.<\/pre>\n\n\n<\/div>\n\n\n\n\n<div>\n\n\n<h2><\/h2>\n\n\n\n\n<h2>Inscription<\/h2>\n\n\nS'inscrire ici\u00a0<a class=\"btn btn-primary\" role=\"button\" href=\"https:\/\/docs.google.com\/forms\/d\/e\/1FAIpQLSft1LtnPqlFgiOSLUp5CO_-S3CEruVDKyyq-IooIFSoefdlxg\/viewform?usp=sf_link\" target=\"_blank\" rel=\"noopener\">Inscription \u00c9cole d'\u00e9t\u00e9 2023<\/a>\n\n<\/div>\n\n\n\n\n<h3><\/h3>\n\n\n\n\n<h3>Processus d'inscription et paiement<\/h3>\n\n\n\n\n<div>\n\n\n<ol>\n \t\n\n<li>Validez les disponibilit\u00e9s de votre entra\u00eeneur.<\/li>\n\n\n \t\n\n<li>Compl\u00e9tez le formulaire pour s'inscrire.<\/li>\n\n\n \t\n\n<li>La facture vous sera envoy\u00e9e par courriel.<\/li>\n\n\n \t\n\n<li>Connectez-vous \u00e0 uplifter <a class=\"btn btn-primary\" role=\"button\" href=\"https:\/\/cpadollard.uplifterinc.com\/\" target=\"_blank\" rel=\"noopener\">cpadollard.uplifterinc.com<\/a>\u00a0et payez la facture.<\/li>\n\n\n<\/ol>\n\n\nPour les patineurs externes, SVP cr\u00e9ez votre compte uplifter ici:\u00a0<a class=\"btn btn-primary\" role=\"button\" href=\"https:\/\/cpadollard.uplifterinc.com\/\" target=\"_blank\" rel=\"noopener\">cpadollard.uplifterinc.com<\/a>\n\n<\/div>\n\n\n\n\n<div>\n\n&nbsp;\n\n<\/div>\n\n\n<\/div>\n\n\n--><\/p>\n","protected":false},"excerpt":{"rendered":"<p>Inscriptions PATINAGE PLUS Autonme\/Hiver 2025\/2026 Apprendre \u00e0 patiner pour les 4 \u00e0 99 ans Visitez notre site d&rsquo;inscription. &nbsp; &nbsp; Inscriptions PATINAGE STAR\u00a0Autonme\/Hiver 2025\/2026 Le\u00e7ons priv\u00e9es &#8211; Ouvert aux patineurs qui ont les comp\u00e9tences de base en patin et qui ont un entra\u00eeneur priv\u00e9 Visitez notre site d&rsquo;inscription.<\/p>\n","protected":false},"author":1,"featured_media":0,"parent":0,"menu_order":0,"comment_status":"closed","ping_status":"closed","template":"page-fullwidth.php","meta":{"footnotes":""},"class_list":["post-523","page","type-page","status-publish","hentry"],"_links":{"self":[{"href":"https:\/\/cpadollard.com\/fr\/wp-json\/wp\/v2\/pages\/523","targetHints":{"allow":["GET"]}}],"collection":[{"href":"https:\/\/cpadollard.com\/fr\/wp-json\/wp\/v2\/pages"}],"about":[{"href":"https:\/\/cpadollard.com\/fr\/wp-json\/wp\/v2\/types\/page"}],"author":[{"embeddable":true,"href":"https:\/\/cpadollard.com\/fr\/wp-json\/wp\/v2\/users\/1"}],"replies":[{"embeddable":true,"href":"https:\/\/cpadollard.com\/fr\/wp-json\/wp\/v2\/comments?post=523"}],"version-history":[{"count":114,"href":"https:\/\/cpadollard.com\/fr\/wp-json\/wp\/v2\/pages\/523\/revisions"}],"predecessor-version":[{"id":1951,"href":"https:\/\/cpadollard.com\/fr\/wp-json\/wp\/v2\/pages\/523\/revisions\/1951"}],"wp:attachment":[{"href":"https:\/\/cpadollard.com\/fr\/wp-json\/wp\/v2\/media?parent=523"}],"curies":[{"name":"wp","href":"https:\/\/api.w.org\/{rel}","templated":true}]}}