{"id":515,"date":"2018-08-18T11:16:09","date_gmt":"2018-08-18T15:16:09","guid":{"rendered":"https:\/\/cpadollard.com\/?page_id=515"},"modified":"2019-07-23T15:18:26","modified_gmt":"2019-07-23T19:18:26","slug":"patinage-star","status":"publish","type":"page","link":"https:\/\/cpadollard.com\/fr\/patinage-star\/","title":{"rendered":"Patinage Star"},"content":{"rendered":"<p><img decoding=\"async\" src=\"https:\/\/cpadollard.com\/wp-content\/uploads\/2018\/01\/cpa-dollard-fsc-banner-starSkate_2000x300.jpg\" alt=\"CPA Dollard FSC - StarSkate\" responsive=\"true\" width=\"100%\" \/><br \/>\n<!--\n\n\n<h2 style=\"color:#ff0000;font-weight:300;\">Pas de Glace le Lundi 8 octobre<\/h2>\n\n\n\n\n<div class=\"row\">\n\n\n<div id=\"primary\" class=\"content-area col-sm-12 col-md-12\">\n\n\n<h3>Joyeux Thanksgiving \u00e0 tous<\/h3>\n\n\n\n\n<p>Veuillez noter qu'il n'y a <strong>pas de glace aujourd'hui<\/strong> (lundi 8 octobre). Alors restez \u00e0 la maison et profitez de votre famille.<\/p>\n\n\n\n\n<p>&nbsp;<\/p>\n\n\n<\/div>\n\n\n<\/div>\n\n\n--><\/p>\n<p>&nbsp;<\/p>\n<div style=\"display:none;\">\n<div class=\"row \">\n<div class=\"col-lg-6 col-md-6 col-xs-12 col-sm-12\">\n<div class=\"panel panel-success \">\n<div class=\"panel-heading\">\n<h4 class=\"green\">Patinage Star Lundi: 17h00 &#8211; 20h20<\/h4>\n<\/div>\n<div class=\"panel-body\">\n<div id=\"lipsum\" style=\"color: #000000;\">\n<h4 class=\"green\">Automne 2018<\/h4>\n<p>Date de d\u00e9but: 10 Septembre<\/p>\n<p>Date de fin: 17 D\u00e9cembre<\/p>\n<p>Pas de patinage: 8 Octobre<\/p>\n<hr>\n<h4 class=\"green\">Hiver 2018<\/h4>\n<p>Date de d\u00e9but: 7 Janvier<\/p>\n<p>Date de fin: 1 Avril<\/p>\n<p>Pas de patinage: <\/p>\n<\/p><\/div>\n<\/p><\/div>\n<\/p><\/div>\n<\/p><\/div>\n<div class=\"col-lg-6 col-md-6 col-xs-12 col-sm-12\">\n<div class=\"panel panel-success \">\n<div class=\"panel-heading\">\n<h4 class=\"green\">Patinage Star Mardi: 18h30 &#8211; 20h20<\/h4>\n<\/div>\n<div class=\"panel-body\">\n<div id=\"lipsum\" style=\"color: #000000;\">\n<h4 class=\"green\">Automne 2018<\/h4>\n<p>Date de d\u00e9but: 4 Septembre<\/p>\n<p>Date de fin: 18 D\u00e9cembre<\/p>\n<p>Pas de patinage:<\/p>\n<hr>\n<h4 class=\"green\">Hiver 2018<\/h4>\n<p>Date de d\u00e9but: 8 Janvier<\/p>\n<p>Date de fin: 2 Avril<\/p>\n<p>Pas de patinage: <\/p>\n<\/p><\/div>\n<\/p><\/div>\n<\/p><\/div>\n<\/p><\/div>\n<\/div>\n<div class=\"row \">\n<div class=\"col-lg-6 col-md-6 col-xs-12 col-sm-12\">\n<div class=\"panel panel-success \">\n<div class=\"panel-heading\">\n<h4 class=\"green\">Patinage Star Jeudi: 17h30 &#8211; 20h20<\/h4>\n<\/div>\n<div class=\"panel-body\">\n<div id=\"lipsum\" style=\"color: #000000;\">\n<h4 class=\"green\">Automne 2018<\/h4>\n<p>Date de d\u00e9but: 6 Septembre<\/p>\n<p>Date de fin: 20 D\u00e9cembre<\/p>\n<p>Pas de patinage:<\/p>\n<hr>\n<h4 class=\"green\">Hiver 2018<\/h4>\n<p>Date de d\u00e9but: 10 Janvier<\/p>\n<p>Date de fin: 4 Avril<\/p>\n<p>Pas de patinage: <\/p>\n<\/p><\/div>\n<\/p><\/div>\n<\/p><\/div>\n<\/p><\/div>\n<div class=\"col-lg-6 col-md-6 col-xs-12 col-sm-12\">\n<div class=\"panel panel-success \">\n<div class=\"panel-heading\">\n<h4 class=\"green\">Patinage Star Vendredi: 17h30 &#8211; 18h20<\/h4>\n<\/div>\n<div class=\"panel-body\">\n<div id=\"lipsum\" style=\"color: #000000;\">\n<h4 class=\"green\">Automne 2018<\/h4>\n<p>Date de d\u00e9but: 28 Septembre<\/p>\n<p>Date de fin: 21 D\u00e9cembre<\/p>\n<p>Pas de patinage:<\/p>\n<hr>\n<h4 class=\"green\">Hiver 2018<\/h4>\n<p>Date de d\u00e9but: 11 Janvier<\/p>\n<p>Date de fin: 22 Mars<\/p>\n<p>Pas de patinage:<\/p>\n<\/p><\/div>\n<\/p><\/div>\n<\/p><\/div>\n<\/p><\/div>\n<\/div>\n<div class=\"row \">\n<div class=\"col-lg-6 col-md-6 col-xs-12 col-sm-12\">\n<div class=\"panel panel-success \">\n<div class=\"panel-heading\">\n<h4 class=\"green\">Patinage Star Vendredi: 18h20 &#8211; 19h20<\/h4>\n<\/div>\n<div class=\"panel-body\">\n<div id=\"lipsum\" style=\"color: #000000;\">\n<h4 class=\"green\">Automne 2018<\/h4>\n<p>Date de d\u00e9but: 7 Septembre<\/p>\n<p>Date de fin: 21 D\u00e9cembre<\/p>\n<p>Pas de patinage:<\/p>\n<hr>\n<h4 class=\"green\">Hiver 2018<\/h4>\n<p>Date de d\u00e9but: 11 Janvier<\/p>\n<p>Date de fin: 22 Mars<\/p>\n<p>Pas de patinage: <\/p>\n<\/p><\/div>\n<\/p><\/div>\n<\/p><\/div>\n<\/p><\/div>\n<div class=\"col-lg-6 col-md-6 col-xs-12 col-sm-12\">\n<div class=\"panel panel-success \">\n<div class=\"panel-heading\">\n<h4 class=\"green\">Patinage Star Samedi: 14h30 &#8211; 15h20<\/h4>\n<\/div>\n<div class=\"panel-body\">\n<div id=\"lipsum\" style=\"color: #000000;\">\n<h4 class=\"green\">Automne 2018<\/h4>\n<p>Date de d\u00e9but: 8 Septembre<\/p>\n<p>Date de fin: 15 D\u00e9cembre<\/p>\n<p>Pas de patinage: 15 Septembre, 1 D\u00e9cembre<\/p>\n<hr>\n<h4 class=\"green\">Hiver 2018<\/h4>\n<p>Date de d\u00e9but: 12 Janvier<\/p>\n<p>Date de fin: 23 Mars<\/p>\n<p>Pas de patinage:<\/p>\n<\/p><\/div>\n<\/p><\/div>\n<\/p><\/div>\n<\/p><\/div>\n<\/div>\n<div class=\"row \">\n<div class=\"col-lg-6 col-md-6 col-xs-12 col-sm-12\">\n<div class=\"panel panel-success \">\n<div class=\"panel-heading\">\n<h4 class=\"green\">Patinage Star Dimanche: 12h30 &#8211; 13h20<\/h4>\n<\/div>\n<div class=\"panel-body\">\n<div id=\"lipsum\" style=\"color: #000000;\">\n<h4 class=\"green\">Automne 2018<\/h4>\n<p>Date de d\u00e9but: 9 Septembre<\/p>\n<p>Date de fin: 16 D\u00e9cembre<\/p>\n<p>Pas de patinage: 2 D\u00e9cembre<\/p>\n<hr>\n<h4 class=\"green\">Hiver 2018<\/h4>\n<p>Date de d\u00e9but: 13 Janvier<\/p>\n<p>Date de fin: 24 Mars<\/p>\n<p>Pas de patinage: <\/p>\n<\/p><\/div>\n<\/p><\/div>\n<\/p><\/div>\n<\/p><\/div>\n<div class=\"col-lg-6 col-md-6 col-xs-12 col-sm-12\">\n        <!--\n\n\n\n\n        \n\n<div class=\"panel panel-success \">\n            \n\n<div class=\"panel-heading\">\n\n<h4 class=\"green\">Patinage Star Samedi: 14h30 - 15h20<\/h4>\n\n<\/div>\n\n\n            \n\n<div class=\"panel-body\">\n                \n\n\n\n\n                \n\n<div id=\"lipsum\" style=\"color: #000000;\">\n                    \n\n<h4 class=\"green\">Automne 2018<\/h4>\n\n\n                    \n\n<p>Date de d\u00e9but: 8 Septembre<\/p>\n\n\n                    \n\n<p>Date de fin: 15 D\u00e9cembre<\/p>\n\n\n                    \n\n<p>Pas de patinage: 15 Septembre, 1 D\u00e9cembre<\/p>\n\n\n                    \n\n<hr>\n\n\n                    \n\n<h4 class=\"green\">Hiver 2018<\/h4>\n\n\n                    \n\n<p>Date de d\u00e9but: 12 Janvier<\/p>\n\n\n                    \n\n<p>Date de fin: 23 Mars<\/p>\n\n\n                    \n\n<p>Pas de patinage:<\/p>\n\n\n                <\/div>\n\n\n                \n\n\n\n\n            <\/div>\n\n\n        <\/div>\n\n\n        -->\n    <\/div>\n<\/div>\n<\/div>\n<hr>\n<h3><strong>C<\/strong>omp\u00e9tences, <strong>T<\/strong>ests, <strong>R<\/strong>\u00e9alisations, <strong>R<\/strong>econnaissance &#8211; Voil\u00e0 ce qu&rsquo;est Patinage <strong>STAR<\/strong>&nbsp;!<\/h3>\n<p>Patinage STAR offre aux patineurs de tous \u00e2ges l&rsquo;occasion de d\u00e9velopper des habilet\u00e9s fondamentales de patinage artistique dans les domaines de la danse sur glace, du patinage, du style libre et du patinage d&rsquo;interpr\u00e9tation. Unique au Canada, ce programme enseigne les habilet\u00e9s de patinage artistique en groupe et\/ou en le\u00e7ons priv\u00e9es de fa\u00e7on progressive et s\u00e9quentielle et comprend des r\u00e9compenses et des incitatifs sp\u00e9cialement con\u00e7us. Les patineurs ont la possibilit\u00e9 de passer des tests de Patinage Canada par l&rsquo;entremise d&rsquo;un syst\u00e8me d&rsquo;examen normalis\u00e9 \u00e0 l&rsquo;\u00e9chelle nationale.<\/p>\n<h3><span style=\"font-weight:400;\">Qu&rsquo;est-ce qui est inclus dans les frais ?<\/span><\/h3>\n<p>Glace<\/p>\n<h3><span style=\"font-weight:400;\">Jour\/Heure ?<\/span><\/h3>\n<p>Quotidiennement<\/p>\n<h3><span style=\"font-weight:400;\">Quelle est la prochaine \u00e9tape ?<\/span><\/h3>\n<p>Tests, comp\u00e9tition, Synchro, Assistante de programme, Certification des entra\u00eeneurs (plusieurs options)<\/p>\n","protected":false},"excerpt":{"rendered":"<p>&nbsp; Patinage Star Lundi: 17h00 &#8211; 20h20 Automne 2018 Date de d\u00e9but: 10 Septembre Date de fin: 17 D\u00e9cembre Pas de patinage: 8 Octobre Hiver 2018 Date de d\u00e9but: 7 Janvier Date de fin: 1 Avril Pas de patinage: Patinage Star Mardi: 18h30 &#8211; 20h20 Automne 2018 Date de d\u00e9but: 4 Septembre Date de fin: <a class=\"more-link\" href=\"https:\/\/cpadollard.com\/fr\/patinage-star\/\">la suite&#8230; <i class=\"fa fa-chevron-right\"><\/i><\/a><\/p>\n","protected":false},"author":1,"featured_media":0,"parent":0,"menu_order":0,"comment_status":"closed","ping_status":"closed","template":"page-fullwidth.php","meta":{"footnotes":""},"class_list":["post-515","page","type-page","status-publish","hentry"],"_links":{"self":[{"href":"https:\/\/cpadollard.com\/fr\/wp-json\/wp\/v2\/pages\/515","targetHints":{"allow":["GET"]}}],"collection":[{"href":"https:\/\/cpadollard.com\/fr\/wp-json\/wp\/v2\/pages"}],"about":[{"href":"https:\/\/cpadollard.com\/fr\/wp-json\/wp\/v2\/types\/page"}],"author":[{"embeddable":true,"href":"https:\/\/cpadollard.com\/fr\/wp-json\/wp\/v2\/users\/1"}],"replies":[{"embeddable":true,"href":"https:\/\/cpadollard.com\/fr\/wp-json\/wp\/v2\/comments?post=515"}],"version-history":[{"count":8,"href":"https:\/\/cpadollard.com\/fr\/wp-json\/wp\/v2\/pages\/515\/revisions"}],"predecessor-version":[{"id":939,"href":"https:\/\/cpadollard.com\/fr\/wp-json\/wp\/v2\/pages\/515\/revisions\/939"}],"wp:attachment":[{"href":"https:\/\/cpadollard.com\/fr\/wp-json\/wp\/v2\/media?parent=515"}],"curies":[{"name":"wp","href":"https:\/\/api.w.org\/{rel}","templated":true}]}}