{"id":511,"date":"2018-08-18T11:13:57","date_gmt":"2018-08-18T15:13:57","guid":{"rendered":"https:\/\/cpadollard.com\/?page_id=511"},"modified":"2020-08-29T10:00:03","modified_gmt":"2020-08-29T14:00:03","slug":"patinage-de-developpement","status":"publish","type":"page","link":"https:\/\/cpadollard.com\/fr\/patinage-de-developpement\/","title":{"rendered":"Patinage de d\u00e9veloppement"},"content":{"rendered":"<p><img decoding=\"async\" src=\"https:\/\/cpadollard.com\/wp-content\/uploads\/2018\/01\/cpa-dollard-fsc_skate-development_2000x300.jpg\" alt=\"Skate Development\" width=\"100%\" responsive=\"true\" \/><\/p>\n<p><!--\n\n\n<div class=\"alert alert-danger alert-dismissable\">\n\n\n<p>La prochaine session de Patinage de D\u00e9veloppement aura lieu en Automne-Hiver prochain. Merci.<\/p>\n\n\n<\/div>\n\n\n--><\/p>\n<div class=\"alert alert-danger alert-dismissable\" style=\"display:none;\">\n<p>Bonjour, <strong>les re\u00e7us d&rsquo;imp\u00f4t<\/strong> sont maintenant disponible. SVP vous presenter au Capitaine de gl\u00e2ce pour prendre vos papiers. Merci.<\/p>\n<p>Hello, the <strong>incom tax receipts<\/strong> are now available. Please present yourself to the Ice Captain to get your papers! Thank you.<\/p>\n<\/div>\n<div class=\"row\" style=\"display:none;\">\n<div class=\"col-lg-6 col-md-6 col-xs-12 col-sm-12\">\n<h4>Sunday Group: 10:00 to 11:30 (80 mins)<\/h4>\n<p>Coach Coordinator: Daniel B\u00e9land<\/p>\n<p>Assistant: <\/p>\n<p>Details:<br \/>&#8211; 10:00am &#8211; 10:20am: Off ice<br \/>&#8211; 10:30am &#8211; 11:30am: On ice (stroking, jumps and spins).<\/p>\n<p><img decoding=\"async\" src=\"https:\/\/cpadollard.com\/wp-content\/uploads\/2018\/01\/cpa-dollard-fsc_skate-development_2000x1393.jpg\" alt=\"Skate Development team with Daniel B\u00e9land\" width=\"100%\" responsive=\"true\" \/>\n\t<\/div>\n<div class=\"col-lg-6 col-md-6 col-xs-12 col-sm-12\">\n<h4>3 Seminars:<\/h4>\n<p>The seminars will take place from 5:00 to 7:30 pm at at CPA Dorval located at : (Westwood Arena) 750 Thorncrest Ave., Dorval, Qu\u00e9bec, H9P 2R5.<\/p>\n<p>&#8211; Nov. 10, 2017<\/p>\n<p>&#8211; Dec. 8, 2017<\/p>\n<p>&#8211; Feb. 9, 2018<\/p>\n<\/p>\n<\/div>\n<\/div>\n","protected":false},"excerpt":{"rendered":"<p>Bonjour, les re\u00e7us d&rsquo;imp\u00f4t sont maintenant disponible. SVP vous presenter au Capitaine de gl\u00e2ce pour prendre vos papiers. Merci. Hello, the incom tax receipts are now available. Please present yourself to the Ice Captain to get your papers! Thank you. Sunday Group: 10:00 to 11:30 (80 mins) Coach Coordinator: Daniel B\u00e9land Assistant: Details:&#8211; 10:00am &#8211; <a class=\"more-link\" href=\"https:\/\/cpadollard.com\/fr\/patinage-de-developpement\/\">la suite&#8230; <i class=\"fa fa-chevron-right\"><\/i><\/a><\/p>\n","protected":false},"author":1,"featured_media":0,"parent":0,"menu_order":0,"comment_status":"closed","ping_status":"closed","template":"","meta":{"footnotes":""},"class_list":["post-511","page","type-page","status-publish","hentry"],"_links":{"self":[{"href":"https:\/\/cpadollard.com\/fr\/wp-json\/wp\/v2\/pages\/511","targetHints":{"allow":["GET"]}}],"collection":[{"href":"https:\/\/cpadollard.com\/fr\/wp-json\/wp\/v2\/pages"}],"about":[{"href":"https:\/\/cpadollard.com\/fr\/wp-json\/wp\/v2\/types\/page"}],"author":[{"embeddable":true,"href":"https:\/\/cpadollard.com\/fr\/wp-json\/wp\/v2\/users\/1"}],"replies":[{"embeddable":true,"href":"https:\/\/cpadollard.com\/fr\/wp-json\/wp\/v2\/comments?post=511"}],"version-history":[{"count":2,"href":"https:\/\/cpadollard.com\/fr\/wp-json\/wp\/v2\/pages\/511\/revisions"}],"predecessor-version":[{"id":1259,"href":"https:\/\/cpadollard.com\/fr\/wp-json\/wp\/v2\/pages\/511\/revisions\/1259"}],"wp:attachment":[{"href":"https:\/\/cpadollard.com\/fr\/wp-json\/wp\/v2\/media?parent=511"}],"curies":[{"name":"wp","href":"https:\/\/api.w.org\/{rel}","templated":true}]}}