{"id":508,"date":"2018-08-18T10:45:12","date_gmt":"2018-08-18T14:45:12","guid":{"rendered":"https:\/\/cpadollard.com\/?page_id=508"},"modified":"2023-10-17T10:40:51","modified_gmt":"2023-10-17T14:40:51","slug":"patinage-plus","status":"publish","type":"page","link":"https:\/\/cpadollard.com\/fr\/patinage-plus\/","title":{"rendered":"Patinage Plus"},"content":{"rendered":"<p><img decoding=\"async\" src=\"https:\/\/cpadollard.com\/wp-content\/uploads\/2018\/01\/cpa-dollard-fsc-banner-canSkate_2000x300.jpg\" alt=\"CPA Dollard FSC Patinage Plus\" width=\"100%\" \/><br \/>\n<!--\n\n\n<h2>Automne-Hiver 2019-2020<\/h2>\n\n\nLe calendrier et les inscriptions au Patinage Plus seront bient\u00f4t disponibles.\n\n\n\n<hr>\n\n\n\n&nbsp;\n\n--><\/p>\n<div style=\"display: none;\">\n<h2>Automne 2018 &#8211; Hiver 2019<\/h2>\n<p>&nbsp;<\/p>\n<div class=\"row \">\n<div class=\"col-lg-6 col-md-6 col-xs-12 col-sm-12\">\n<div class=\"panel panel-success \">\n<div class=\"panel-heading\">\n<h4 class=\"green\">Patinage Plus Mardi: 17h30 &#8211; 18h20 (50 mins)<\/h4>\n<\/div>\n<div class=\"panel-body\">\n<div id=\"lipsum\" style=\"color: #000000;\">\n<h4 class=\"green\">Automne 2018<\/h4>\n<p>Date de d\u00e9but: 25 Septembre<\/p>\n<p>Date de fin: 11 D\u00e9cembre<\/p>\n<p>Pas de patinage: 6 Novembre<\/p>\n<hr \/>\n<h4 class=\"green\">Hiver 2018: <span style=\"color: #ff0000; font-weight: bold;\">COMPLET<\/span><\/h4>\n<p>Date de d\u00e9but: 15 Janvier<\/p>\n<p>Date de fin: 26 Mars<\/p>\n<p>Pas de patinage:<\/p>\n<\/div>\n<\/div>\n<\/div>\n<\/div>\n<div class=\"col-lg-6 col-md-6 col-xs-12 col-sm-12\"><!--\n\n\n<div class=\"panel panel-success \">\n\n\n<div class=\"panel-heading\">Patinage Plus Saturday: 12:30-13:20<\/div>\n\n\n\n\n<div class=\"panel-body\">\n\n\n<div id=\"lipsum\" style=\"color: #000000;\"><\/div>\n\n\n<\/div>\n\n\n<\/div>\n\n\n--><\/div>\n<\/div>\n<div class=\"row \">\n<div class=\"col-lg-6 col-md-6 col-xs-12 col-sm-12\">\n<div class=\"panel panel-success \">\n<div class=\"panel-heading\">\n<h4 class=\"green\">Patinage Plus Samedi: 12h30 &#8211; 13h20 (50 mins)<\/h4>\n<\/div>\n<div class=\"panel-body\">\n<div id=\"lipsum\" style=\"color: #000000;\">\n<h4 class=\"green\">Automne 2018<\/h4>\n<p>Date de d\u00e9but: 12 Septembre<\/p>\n<p>Date de fin: 15 D\u00e9cembre<\/p>\n<p>Pas de patinage: 3 Novembre, 1 D\u00e9cembre<\/p>\n<hr \/>\n<h4 class=\"green\">Hiver 2018: <span style=\"color: #ff0000; font-weight: bold;\">COMPLET<\/span><\/h4>\n<p>Date de d\u00e9but: 12 Janvier<\/p>\n<p>Date de fin: 23 Mars<\/p>\n<p>Pas de patinage:<\/p>\n<\/div>\n<\/div>\n<\/div>\n<\/div>\n<div class=\"col-lg-6 col-md-6 col-xs-12 col-sm-12\">\n<div class=\"panel panel-success \">\n<div class=\"panel-heading\">\n<h4 class=\"green\">Patinage Plus Samedi: 13h30 &#8211; 14h20 (50 mins)<\/h4>\n<\/div>\n<div class=\"panel-body\">\n<div id=\"lipsum\" style=\"color: #000000;\">\n<h4 class=\"green\">Automne 2018<\/h4>\n<p>Date de d\u00e9but: 22 Septembre<\/p>\n<p>Date de fin: 15 D\u00e9cembre<\/p>\n<p>Pas de patinage: 3 Novembre, 1 D\u00e9cembre<\/p>\n<hr \/>\n<h4 class=\"green\">Hiver 2018: <span style=\"color: #ff0000; font-weight: bold;\">COMPLET<\/span><\/h4>\n<p>Date de d\u00e9but: 12 Janvier<\/p>\n<p>Date de fin: 23 Mars<\/p>\n<p>Pas de patinage:<\/p>\n<\/div>\n<\/div>\n<\/div>\n<\/div>\n<\/div>\n<div class=\"row \">\n<div class=\"col-lg-6 col-md-6 col-xs-12 col-sm-12\">\n<div class=\"panel panel-success \">\n<div class=\"panel-heading\">\n<h4 class=\"green\">Patinage Plus Avanc\u00e9 \/ Patinage Plus Adulte Dimanche: 10h30 &#8211; 11h20 (50 mins)<\/h4>\n<\/div>\n<div class=\"panel-body\">\n<div id=\"lipsum\" style=\"color: #000000;\">\n<h4 class=\"green\">Automne 2018<\/h4>\n<p>Date de d\u00e9but: 23 Septembre<\/p>\n<p>Date de fin: 16 D\u00e9cembre<\/p>\n<p>Pas de patinage: 4 Novembre, 2 D\u00e9cembre<\/p>\n<hr \/>\n<h4 class=\"green\">Hiver 2018<\/h4>\n<p>Date de d\u00e9but: 13 Janvier<\/p>\n<p>Date de fin: 24 Mars<\/p>\n<p>Pas de patinage:<\/p>\n<\/div>\n<\/div>\n<\/div>\n<\/div>\n<div class=\"col-lg-6 col-md-6 col-xs-12 col-sm-12\">\n<div class=\"panel panel-success \">\n<div class=\"panel-heading\">\n<h4 class=\"green\">Patinage Plus Dimanche: 11h30 &#8211; 12h20 (50 mins)<\/h4>\n<\/div>\n<div class=\"panel-body\">\n<div id=\"lipsum\" style=\"color: #000000;\">\n<h4 class=\"green\">Automne 2018<\/h4>\n<p>Date de d\u00e9but: 23 Septembre<\/p>\n<p>Date de fin: 16 D\u00e9cembre<\/p>\n<p>Pas de patinage: 4 Novembre, 2 D\u00e9cembre<\/p>\n<hr \/>\n<h4 class=\"green\">Hiver 2018: <span style=\"color: #ff0000; font-weight: bold;\">COMPLET<\/span><\/h4>\n<p>Date de d\u00e9but: 13 Janvier<\/p>\n<p>Date de fin: 24 Mars<\/p>\n<p>Pas de patinage:<\/p>\n<\/div>\n<\/div>\n<\/div>\n<\/div>\n<\/div>\n<\/div>\n<h3>Patinage Plus est un programme dynamique d&rsquo;apprentissage du patinage qui met l&rsquo;accent sur le plaisir, la participation et le d\u00e9veloppement des habilet\u00e9s de base. Fond\u00e9 sur les principes du d\u00e9veloppement \u00e0 long terme de l&rsquo;athl\u00e8te (DLTA) de Sport Canada, Patinage Plus met l&rsquo;accent sur les habilet\u00e9s physiques et les habilet\u00e9s fondamentales n\u00e9cessaires pour participer \u00e0 tout sport sur glace ou pour patiner comme activit\u00e9 r\u00e9cr\u00e9ative.<\/h3>\n<h3><span style=\"font-weight: 400;\">C&rsquo;est pour qui ?<\/span><\/h3>\n<p>Pour les d\u00e9butants de tous \u00e2ges, enfants ou adultes, ainsi que pour ceux qui d\u00e9sirent am\u00e9liorer leurs habilet\u00e9s de base, que ce soit pour le patinage artistique, le hockey, le patinage de vitesse ou simplement pour le plaisir.<\/p>\n<h3><span style=\"font-weight: 400;\">Qui l&rsquo;enseigne ?<\/span><\/h3>\n<p>Entra\u00eeneurs professionnels form\u00e9s par le PNCE, assist\u00e9s par des assistants de programme form\u00e9s.<\/p>\n<h3><span style=\"font-weight: 400;\">Qu&rsquo;allez-vous apprendre ?<\/span><\/h3>\n<p>Une s\u00e9rie compl\u00e8te d&rsquo;habilet\u00e9s d&rsquo;\u00e9quilibre, de contr\u00f4le et d&rsquo;agilit\u00e9 enseign\u00e9es en six \u00e9tapes d&rsquo;apprentissage qui se rapportent au hockey, \u00e0 la ringuette, au patinage de vitesse et au patinage artistique ainsi qu&rsquo;au patinage r\u00e9cr\u00e9atif g\u00e9n\u00e9ral. Patinage Plus utilise un programme d&rsquo;\u00e9tudes et des m\u00e9thodes de prestation \u00e9prouv\u00e9es et test\u00e9es \u00e0 l&rsquo;\u00e9chelle nationale qui garantissent aux patineurs le succ\u00e8s dans le d\u00e9veloppement d&rsquo;habilet\u00e9s de base plus solides et leur d\u00e9veloppement plus rapide.<\/p>\n<h3><span style=\"font-weight: 400;\">\u00c0 quoi pouvez-vous vous attendre ?<\/span><\/h3>\n<p>Action, mouvement et plaisir ! Les le\u00e7ons sont donn\u00e9es en groupe. Les patineurs progressent \u00e0 leur propre rythme et les entra\u00eeneurs rendent les s\u00e9ances actives \u00e0 l&rsquo;aide de mat\u00e9riel didactique, de musique entra\u00eenante et d&rsquo;une grande vari\u00e9t\u00e9 d&rsquo;activit\u00e9s qui cr\u00e9ent un environnement motivant et favorisent l&rsquo;apprentissage. Les insignes, rubans et autres incitatifs sont utilis\u00e9s pour \u00e9valuer les progr\u00e8s des patineurs et r\u00e9compenser les efforts et la participation.<\/p>\n<h3><span style=\"font-weight: 400;\">Qu&rsquo;est-ce qui est inclus dans les frais ?<\/span><\/h3>\n<p>Glace et entra\u00eeneur.<\/p>\n<h3><span style=\"font-weight: 400;\">Quel jour\/heure ?<\/span><\/h3>\n<p>Voir l&rsquo;horaire du patinage artistique.<\/p>\n<h3><span style=\"font-weight: 400;\">Quelle est la prochaine \u00e9tape ?<\/span><\/h3>\n<p>Programme Development au Patinage ou Star.<\/p>\n","protected":false},"excerpt":{"rendered":"<p>Automne 2018 &#8211; Hiver 2019 &nbsp; Patinage Plus Mardi: 17h30 &#8211; 18h20 (50 mins) Automne 2018 Date de d\u00e9but: 25 Septembre Date de fin: 11 D\u00e9cembre Pas de patinage: 6 Novembre Hiver 2018: COMPLET Date de d\u00e9but: 15 Janvier Date de fin: 26 Mars Pas de patinage: Patinage Plus Samedi: 12h30 &#8211; 13h20 (50 mins) <a class=\"more-link\" href=\"https:\/\/cpadollard.com\/fr\/patinage-plus\/\">la suite&#8230; <i class=\"fa fa-chevron-right\"><\/i><\/a><\/p>\n","protected":false},"author":1,"featured_media":0,"parent":0,"menu_order":0,"comment_status":"closed","ping_status":"closed","template":"page-fullwidth.php","meta":{"footnotes":""},"class_list":["post-508","page","type-page","status-publish","hentry"],"_links":{"self":[{"href":"https:\/\/cpadollard.com\/fr\/wp-json\/wp\/v2\/pages\/508","targetHints":{"allow":["GET"]}}],"collection":[{"href":"https:\/\/cpadollard.com\/fr\/wp-json\/wp\/v2\/pages"}],"about":[{"href":"https:\/\/cpadollard.com\/fr\/wp-json\/wp\/v2\/types\/page"}],"author":[{"embeddable":true,"href":"https:\/\/cpadollard.com\/fr\/wp-json\/wp\/v2\/users\/1"}],"replies":[{"embeddable":true,"href":"https:\/\/cpadollard.com\/fr\/wp-json\/wp\/v2\/comments?post=508"}],"version-history":[{"count":14,"href":"https:\/\/cpadollard.com\/fr\/wp-json\/wp\/v2\/pages\/508\/revisions"}],"predecessor-version":[{"id":1652,"href":"https:\/\/cpadollard.com\/fr\/wp-json\/wp\/v2\/pages\/508\/revisions\/1652"}],"wp:attachment":[{"href":"https:\/\/cpadollard.com\/fr\/wp-json\/wp\/v2\/media?parent=508"}],"curies":[{"name":"wp","href":"https:\/\/api.w.org\/{rel}","templated":true}]}}