{"id":499,"date":"2018-08-18T10:36:54","date_gmt":"2018-08-18T14:36:54","guid":{"rendered":"https:\/\/cpadollard.com\/?page_id=499"},"modified":"2023-10-17T10:23:55","modified_gmt":"2023-10-17T14:23:55","slug":"assistant-de-programme","status":"publish","type":"page","link":"https:\/\/cpadollard.com\/fr\/assistant-de-programme\/","title":{"rendered":"Assistant de programme"},"content":{"rendered":"<h3>Les <span style=\"font-weight: 400;\">Assistants de programme<\/span> sont un \u00e9l\u00e9ment important du programme <span style=\"font-weight: 400;\">Patinage Plus<\/span>. Ils assistent l&rsquo;entra\u00eeneur de Patinage Canada dans la prestation du programme.<\/h3>\n<p>Les patineurs qui souhaitent devenir assistants de programme peuvent exprimer leur int\u00e9r\u00eat en envoyant un courriel \u00e0 contactus@cpadollard.com.<\/p>\n","protected":false},"excerpt":{"rendered":"<p>Les Assistants de programme sont un \u00e9l\u00e9ment important du programme Patinage Plus. Ils assistent l&rsquo;entra\u00eeneur de Patinage Canada dans la prestation du programme. Les patineurs qui souhaitent devenir assistants de programme peuvent exprimer leur int\u00e9r\u00eat en envoyant un courriel \u00e0 contactus@cpadollard.com.<\/p>\n","protected":false},"author":1,"featured_media":0,"parent":0,"menu_order":0,"comment_status":"closed","ping_status":"closed","template":"","meta":{"footnotes":""},"class_list":["post-499","page","type-page","status-publish","hentry"],"_links":{"self":[{"href":"https:\/\/cpadollard.com\/fr\/wp-json\/wp\/v2\/pages\/499","targetHints":{"allow":["GET"]}}],"collection":[{"href":"https:\/\/cpadollard.com\/fr\/wp-json\/wp\/v2\/pages"}],"about":[{"href":"https:\/\/cpadollard.com\/fr\/wp-json\/wp\/v2\/types\/page"}],"author":[{"embeddable":true,"href":"https:\/\/cpadollard.com\/fr\/wp-json\/wp\/v2\/users\/1"}],"replies":[{"embeddable":true,"href":"https:\/\/cpadollard.com\/fr\/wp-json\/wp\/v2\/comments?post=499"}],"version-history":[{"count":3,"href":"https:\/\/cpadollard.com\/fr\/wp-json\/wp\/v2\/pages\/499\/revisions"}],"predecessor-version":[{"id":1643,"href":"https:\/\/cpadollard.com\/fr\/wp-json\/wp\/v2\/pages\/499\/revisions\/1643"}],"wp:attachment":[{"href":"https:\/\/cpadollard.com\/fr\/wp-json\/wp\/v2\/media?parent=499"}],"curies":[{"name":"wp","href":"https:\/\/api.w.org\/{rel}","templated":true}]}}