{"id":494,"date":"2018-08-18T10:30:11","date_gmt":"2018-08-18T14:30:11","guid":{"rendered":"https:\/\/cpadollard.com\/?page_id=494"},"modified":"2026-01-17T14:22:11","modified_gmt":"2026-01-17T19:22:11","slug":"entraineurs","status":"publish","type":"page","link":"https:\/\/cpadollard.com\/fr\/entraineurs\/","title":{"rendered":"Entra\u00eeneurs"},"content":{"rendered":"<h3>CPA Dollard remercie tous les entra\u00eeneurs de club pour leur travail, leur<br \/>\nd\u00e9vouement et leur amour du sport. Chaque entra\u00eeneur de club donne quelque<br \/>\nchose de sp\u00e9cial quand il va sur la glace. Un<br \/>\n<span style=\"font-weight: 500;\">grand MERCI<\/span> des patineurs, des parents<br \/>\net du conseil d&rsquo;administration.<\/h3>\n<hr \/>\n<h4>Mise \u00e0 jour des domaines d&rsquo;expertise en enseignement<\/h4>\n<p>Patinage Qu\u00e9bec, septembre 2017:<br \/>\n<a href=\"https:\/\/patinage.qc.ca\/wp-content\/uploads\/2018\/02\/Note_Entraineur_Champ_Expertise.pdf\" target=\"_blank\" rel=\"noopener\">Patinage Qu\u00e9bec &#8211; PDF &#8211; Champs d&rsquo;expertise des entra\u00eeneurs (French)&lt;\/a &gt;<\/a><\/p>\n<p>Entra\u00eeneur R\u00e9gional<\/p>\n<table class=\"table table-hover\">\n<tbody>\n<tr>\n<th>Anciens niveaux<\/th>\n<th class=\"views\">Nouveaux niveaux<\/th>\n<\/tr>\n<tr class=\"odd\">\n<td>Aucun niveau<\/td>\n<td>Entra\u00eeneur de club Patinage Plus \/ Club coach CanSkate<\/td>\n<\/tr>\n<tr class=\"even\">\n<td>Niveau 1<\/td>\n<td>Entra\u00eeneur R\u00e9gional \/ Regional Coach<\/td>\n<\/tr>\n<tr class=\"odd\">\n<td>Niveau 2<\/td>\n<td>Entra\u00eeneur Provincial \/ Provincial Coach<\/td>\n<\/tr>\n<tr class=\"even\">\n<td>Niveau 3<\/td>\n<td>Entra\u00eeneur National \/ National Coach<\/td>\n<\/tr>\n<tr class=\"odd\">\n<td>Niveau 4<\/td>\n<td>Entra\u00eeneur National &#8211; Niv. 4 \/ National Coach &#8211; Level 4<\/td>\n<\/tr>\n<\/tbody>\n<\/table>\n<p><a href=\"https:\/\/patinage.qc.ca\/wp-content\/uploads\/2025\/01\/WEB_ENTR_Liste_9janvier2025.pdf\" target=\"_blank\" rel=\"noopener\">Patinage Qu\u00e9bec &#8211; Coaches list &#8211; PDF (French)&lt;\/a &gt;<\/a><\/p>\n<hr \/>\n<h4>Liste des entra\u00eeneurs du club<\/h4>\n<div class=\"row\">\n<div class=\"col-sm-6 col-md-3\">\n<div class=\"thumbnail\"><img decoding=\"async\" style=\"height: 100%; width: 100%; display: block;\" src=\"https:\/\/cpadollard.com\/wp-content\/uploads\/2018\/02\/Alexandrine-Chong_600x600.jpg\" alt=\"Alexandrine Chong\" data-src=\"https:\/\/cpadollard.com\/wp-content\/uploads\/2018\/02\/Alexandrine-Chong_600x600.jpg\" data-holder-rendered=\"true\" \/><\/p>\n<div class=\"caption\">\n<h3>Alexandrine Chong<\/h3>\n<p>Niveau: Entra\u00eeneur R\u00e9gional Entra\u00eeneur depuis: 2013 T\u00e9l:<br \/>\n<a href=\"T\u00e9l:+14389691922\">(438) 969-1922<\/a><\/p>\n<p>Courriel:<br \/>\n<a href=\"mailto:achong888@outlook.com?subject=ContactFromCPADollardWebsite\">achong888@outlook.com&lt;\/a &gt;<\/a><\/p>\n<p>Je suis une entra\u00eeneuse d\u00e9vou\u00e9e qui adore enseigner des patineurs de<br \/>\ntous niveaux, du Patinage Plus au Patinage STAR. J&rsquo;ai compl\u00e9t\u00e9 une<br \/>\nsp\u00e9cialisation en th\u00e9rapie du sport ainsi qu&rsquo;une majeure en psychologie,<br \/>\nce qui m&rsquo;aide \u00e0 former des patineurs \u00e9quilibr\u00e9s. Je suis disponible pour<br \/>\ndes cours priv\u00e9s.<\/p>\n<\/div>\n<\/div>\n<\/div>\n<div class=\"col-sm-6 col-md-3\">\n<div class=\"thumbnail\"><img decoding=\"async\" style=\"height: 100%; width: 100%; display: block;\" src=\"https:\/\/cpadollard.com\/wp-content\/uploads\/2018\/01\/Alexey-Mouratov_600x600.jpg\" alt=\"Alexei Mouratov\" data-src=\"https:\/\/cpadollard.com\/wp-content\/uploads\/2018\/01\/Alexey-Mouratov_600x600.jpg\" data-holder-rendered=\"true\" \/><\/p>\n<div class=\"caption\">\n<h3>Alexei Mouratov<\/h3>\n<p>Niveau: Entra\u00eeneur National Entra\u00eeneur depuis: 1993 T\u00e9l:<br \/>\n<a href=\"T\u00e9l:+15147779106\">(514) 777-9106<\/a><\/p>\n<p>Courriel:<br \/>\n<a href=\"mailto:alexeimouratov@hotmail.com?subject=ContactFromCPADollardWebsite\">alexeimouratov@hotmail.com&lt;\/a &gt;<\/a><\/p>\n<p>18 comp\u00e9titions internationales en tant qu&rsquo;entra\u00eeneur dont le<br \/>\nChampionnat du monde de patinage artistique 1999. Maitrise en \u00e9ducation<br \/>\nphysique de l&rsquo;Universit\u00e9 d&rsquo;\u00c9tat russe d&rsquo;\u00e9ducation physique et de sport.<br \/>\nJ&rsquo;enseigne le style libre, les habilit\u00e9s et je fais de la chor\u00e9graphie.<br \/>\nJe prends actuellement de nouveaux \u00e9tudiants.<\/p>\n<\/div>\n<\/div>\n<\/div>\n<div class=\"col-sm-6 col-md-3\">\n<div class=\"thumbnail\"><img decoding=\"async\" style=\"height: 100%; width: 100%; display: block;\" src=\"https:\/\/cpadollard.com\/wp-content\/uploads\/2025\/02\/BrandonDay600x600.jpg\" alt=\"Brandon Day\" data-src=\"https:\/\/cpadollard.com\/wp-content\/uploads\/2025\/02\/BrandonDay600x600.jpg\" data-holder-rendered=\"true\" \/><\/p>\n<div class=\"caption\">\n<h3>Brandon Day<\/h3>\n<p>Niveau: Entra\u00eeneur R\u00e9gional, en formation Entra\u00eeneur depuis: Courriel:<\/p>\n<\/div>\n<\/div>\n<\/div>\n<div class=\"col-sm-6 col-md-3\">\n<div class=\"thumbnail\"><img decoding=\"async\" style=\"height: 100%; width: 100%; display: block;\" src=\"https:\/\/cpadollard.com\/wp-content\/uploads\/2025\/02\/Donna600x600.jpg\" alt=\"Dona Voce\" data-src=\"https:\/\/cpadollard.com\/wp-content\/uploads\/2025\/02\/Donna600x600.jpg\" data-holder-rendered=\"true\" \/><\/p>\n<div class=\"caption\">\n<h3>Donna Voce<\/h3>\n<p>Niveau: National Coach Entra\u00eeneur depuis: 1969 Tel:<br \/>\n<a href=\"tel:+15146843426\">(514) 684-3426<\/a><\/p>\n<p>Courriel:<br \/>\n<a href=\"mailto:donnavoce52@gmail.com\">donnavoce52@gmail.com<\/a><\/p>\n<\/div>\n<\/div>\n<\/div>\n<\/div>\n<div class=\"row\">\n<div class=\"col-sm-6 col-md-3\">\n<div class=\"thumbnail\"><img decoding=\"async\" style=\"height: 100%; width: 100%; display: block;\" src=\"https:\/\/cpadollard.com\/wp-content\/uploads\/2025\/02\/Ephie-Li600x600.jpg\" alt=\"Ephie Li\" data-src=\"https:\/\/cpadollard.com\/wp-content\/uploads\/2025\/02\/Ephie-Li600x600.jpg\" data-holder-rendered=\"true\" \/><\/p>\n<div class=\"caption\">\n<h3>Ephie Li<\/h3>\n<p>Niveau: Entra\u00eeneur R\u00e9gional, en formation Entra\u00eeneur depuis: Courriel:<\/p>\n<\/div>\n<\/div>\n<\/div>\n<div class=\"col-sm-6 col-md-3\">\n<div class=\"thumbnail\"><img decoding=\"async\" style=\"height: 100%; width: 100%; display: block;\" src=\"https:\/\/cpadollard.com\/wp-content\/uploads\/2025\/02\/Erika-Varkonyi600x600-1.jpg\" alt=\"Erika Varkonyi\" data-src=\"https:\/\/cpadollard.com\/wp-content\/uploads\/2025\/02\/Erika-Varkonyi600x600-1.jpg\" data-holder-rendered=\"true\" \/><\/p>\n<div class=\"caption\">\n<h3>Erika Varkonyi<\/h3>\n<p>Niveau: Entra\u00eeneur R\u00e9gional, en formation Entra\u00eeneur depuis: Courriel:<\/p>\n<\/div>\n<\/div>\n<\/div>\n<div class=\"col-sm-6 col-md-3\">\n<div class=\"thumbnail\"><img decoding=\"async\" style=\"height: 100%; width: 100%; display: block;\" src=\"https:\/\/cpadollard.com\/wp-content\/uploads\/2025\/02\/Edrian-Paul-Celestino_pq_600x600.jpg\" alt=\"Edrian Paul Celestino\" data-src=\"https:\/\/cpadollard.com\/wp-content\/uploads\/2025\/02\/Edrian-Paul-Celestino_pq_600x600.jpg\" data-holder-rendered=\"true\" \/><\/p>\n<div class=\"caption\">\n<h3>Edrian Paul Celestino<\/h3>\n<p>Niveau: Entra\u00eeneur Provincial Entra\u00eeneur depuis: 2014 T\u00e9l:<br \/>\n<a href=\"tel:+15146638575\">(514) 663-8575<\/a><\/p>\n<p>Courriel: <a href=\"mailto:edpaul98@hotmail.com\">edpaul98@hotmail.com<\/a><\/p>\n<p>Avec 21 ans de pratique du patinage artistique \u00e0 mon actif, j&rsquo;ai appris<br \/>\n\u00e0 aimer ce sport de bien des fa\u00e7ons que je n&rsquo;aurais jamais imagin\u00e9es.<br \/>\nJ&rsquo;ai particip\u00e9 \u00e0 des comp\u00e9titions internationales pendant 10 ans,<br \/>\nrepr\u00e9sentant le Canada et les Philippines. J&rsquo;ai rapidement trouv\u00e9 un<br \/>\nint\u00e9r\u00eat \u00e0 partager ma passion, mes connaissances et mon exp\u00e9rience avec<br \/>\nla g\u00e9n\u00e9ration actuelle et future.<\/p>\n<\/div>\n<\/div>\n<\/div>\n<div class=\"col-sm-6 col-md-3\">\n<div class=\"thumbnail\"><img decoding=\"async\" style=\"height: 100%; width: 100%; display: block;\" src=\"https:\/\/cpadollard.com\/wp-content\/uploads\/2025\/02\/KatarinaKocoris600x600.jpg\" alt=\"Katerina (Kat) Kocoris\" data-src=\"https:\/\/cpadollard.com\/wp-content\/uploads\/2025\/02\/KatarinaKocoris600x600.jpg\" data-holder-rendered=\"true\" \/><\/p>\n<div class=\"caption\">\n<h3>Katerina (Kat) Kocoris<\/h3>\n<p>Niveau: Entra\u00eeneur R\u00e9gional, en formation Entra\u00eeneur depuis: 2024 T\u00e9l:<br \/>\n<a href=\"tel:+14385248400\">(438) 524-8400<\/a><\/p>\n<p>Courriel: <a href=\"mailto:kkocoris@outlook.com\">kkocoris@outlook.com<\/a><\/p>\n<p>Le patinage artistique est une de mes passions dans la vie et est un<br \/>\nsport que je pratique depuis plus de 13 ans. J\u2019instille de la<br \/>\npositivit\u00e9, de la confiance en soi, de la force et du courage parmi mes<br \/>\npatineurs. Par-dessus tout, je veux qu\u2019on soit joyeux, libres de<br \/>\ns\u2019exprimer et de simplement s\u2019amuser.<\/p>\n<\/div>\n<\/div>\n<\/div>\n<\/div>\n<div class=\"row\">\n<div class=\"col-sm-6 col-md-3\">\n<div class=\"thumbnail\"><img decoding=\"async\" style=\"height: 100%; width: 100%; display: block;\" src=\"https:\/\/cpadollard.com\/wp-content\/uploads\/2025\/02\/Kenya-DelloyeCoach600x600.jpg\" alt=\"Kenya Delloye\" data-src=\"https:\/\/cpadollard.com\/wp-content\/uploads\/2025\/02\/Kenya-DelloyeCoach600x600.jpg\" data-holder-rendered=\"true\" \/><\/p>\n<div class=\"caption\">\n<h3>Kenya Delloye<\/h3>\n<p>Niveau: Entra\u00eeneur R\u00e9gional Entra\u00eeneur depuis: 2022 T\u00e9l:<br \/>\n<a href=\"tel:+15148055107\">(514) 805-5107<\/a><\/p>\n<p>Courriel:<br \/>\n<a href=\"mailto:kenyadelloye@gmail.com\">kenyadelloye@gmail.com<\/a><\/p>\n<p>Je suis une entraineuse qui est tr\u00e8s d\u00e9vou\u00e9e \u00e0 ses patineurs puisque je<br \/>\nsuis moi-m\u00eame une patineuse comp\u00e9titive depuis plus de 10 ans.<br \/>\nJ&rsquo;encourage tous mes athl\u00e8tes \u00e0 travailler fort et s&rsquo;appliquer dans leur<br \/>\ntravail, tout en ayant du plaisir sur la glace.<\/p>\n<\/div>\n<\/div>\n<\/div>\n<div class=\"col-sm-6 col-md-3\">\n<div class=\"thumbnail\"><img decoding=\"async\" style=\"height: 100%; width: 100%; display: block;\" src=\"https:\/\/cpadollard.com\/wp-content\/uploads\/2025\/02\/Louise-Renaud600x600.jpg\" alt=\"Louise Renaud\" data-src=\"https:\/\/cpadollard.com\/wp-content\/uploads\/2025\/02\/Louise-Renaud600x600.jpg\" data-holder-rendered=\"true\" \/><\/p>\n<div class=\"caption\">\n<h3>Louise Renaud<\/h3>\n<p>Niveau: Entra\u00eeneur R\u00e9gional Entra\u00eeneur depuis: Courriel:<\/p>\n<\/div>\n<\/div>\n<\/div>\n<div class=\"col-sm-6 col-md-3\">\n<div class=\"thumbnail\"><img decoding=\"async\" style=\"height: 100%; width: 100%; display: block;\" src=\"https:\/\/cpadollard.com\/wp-content\/uploads\/2025\/02\/MathildeStAubinLatest600x600.jpg\" alt=\"Mathilde St-Aubin\" data-src=\"https:\/\/cpadollard.com\/wp-content\/uploads\/2025\/02\/MathildeStAubinLatest600x600.jpg\" data-holder-rendered=\"true\" \/><\/p>\n<div class=\"caption\">\n<h3>Mathilde St-Aubin<\/h3>\n<p>Niveau: Entra\u00eeneur R\u00e9gional Entra\u00eeneur depuis: 2022 Courriel:<br \/>\n<a href=\"mailto: mathilde.staubin@gmail.com\">mathilde.staubin@gmail.com&lt;\/a &gt; <\/a><\/p>\n<\/div>\n<\/div>\n<\/div>\n<div class=\"col-sm-6 col-md-3\">\n<div class=\"thumbnail\"><img decoding=\"async\" style=\"height: 100%; width: 100%; display: block;\" src=\"https:\/\/cpadollard.com\/wp-content\/uploads\/2025\/02\/Peggy-Meus600x600.jpg\" alt=\"Peggy Meus\" data-src=\"https:\/\/cpadollard.com\/wp-content\/uploads\/2025\/02\/Peggy-Meus600x600.jpg\" data-holder-rendered=\"true\" \/><\/p>\n<div class=\"caption\">\n<h3>Peggy Meus<\/h3>\n<p>Niveau: National Coach Entra\u00eeneur depuis: 1998 T\u00e9l:<br \/>\n<a href=\"tel:+15147775152\">(514) 777-5152<\/a><\/p>\n<p>Courriel:<br \/>\n<a href=\"mailto:gapchick77@hotmail.com\">gapchick77@hotmail.com<\/a><\/p>\n<\/div>\n<\/div>\n<\/div>\n<\/div>\n<div class=\"row\">\n<div class=\"col-sm-6 col-md-3\">\n<div class=\"thumbnail\"><img decoding=\"async\" style=\"height: 100%; width: 100%; display: block;\" src=\"https:\/\/cpadollard.com\/wp-content\/uploads\/2025\/10\/Stephanie-headshot-May-2025_600x600.jpg\" alt=\"Stephanie Gentile\" data-src=\"https:\/\/cpadollard.com\/wp-content\/uploads\/2025\/10\/Stephanie-headshot-May-2025_600x600.jpg\" data-holder-rendered=\"true\" \/><\/p>\n<div class=\"caption\">\n<h3>Stephanie Gentile<\/h3>\n<p>Coach level: National Coach Coaching since:2007 Email:<br \/>\n<a href=\"mailto:ferelustyle@hotmail.com\">ferelustyle@hotmail.com<\/a><br \/>\nJ&rsquo;ai eu le plaisir de travailler avec des patineurs de tous niveaux au<br \/>\ncours des 15 derni\u00e8res ann\u00e9es, des d\u00e9butants faisant leurs premiers<br \/>\npas sur la glace aux athl\u00e8tes confirm\u00e9s perfectionnant leur art et<br \/>\nleur technique. J&rsquo;aime voir mes \u00e9l\u00e8ves progresser et s&rsquo;am\u00e9liorer, et<br \/>\nje suis passionn\u00e9 par la cr\u00e9ation d&rsquo;un environnement stimulant et<br \/>\nmotivant qui permet \u00e0 chaque patineur de donner le meilleur<br \/>\nde lui-m\u00eame.<\/p>\n<\/div>\n<\/div>\n<\/div>\n<div class=\"col-sm-6 col-md-3\">\n<div class=\"thumbnail\"><img decoding=\"async\" style=\"height: 100%; width: 100%; display: block;\" src=\"https:\/\/cpadollard.com\/wp-content\/uploads\/2018\/02\/Sylvie-Lamothe_600x600.jpg\" alt=\"Sylvie Lamothe\" data-src=\"https:\/\/cpadollard.com\/wp-content\/uploads\/2018\/02\/Sylvie-Lamothe_600x600.jpg\" data-holder-rendered=\"true\" \/><\/p>\n<div class=\"caption\">\n<h3>Sylvie Lamothe<\/h3>\n<h4>Coach Rep.<\/h4>\n<p>Niveau: National Coach Entra\u00eeneur depuis: plus de 45 ans Courriel:<br \/>\n<a href=\"mailto:sylvie_lamothe_6@me.com\">sylvie_lamothe_6@me.com<\/a><\/p>\n<p>J&rsquo;enseigne \u00e0 plusieurs niveaux, du d\u00e9butant en passant par le Star<br \/>\njusqu&rsquo;au niveau national. De plus, je suis entraineur chef du Sport<br \/>\n\u00c9tude de DDO. J&rsquo;ai la chance de de travailler en \u00e9quipe avec des<br \/>\nentraineurs chevronn\u00e9s ayant fait des comp\u00e9titions de haut niveau. Notre<br \/>\nmotivation est de transmettre notre passion aux jeunes patineurs<br \/>\nd\u00e9sirant am\u00e9liorer leurs habilet\u00e9s.<\/p>\n<\/div>\n<\/div>\n<\/div>\n<div class=\"col-sm-6 col-md-3\">\n<div class=\"thumbnail\"><img decoding=\"async\" style=\"height: 100%; width: 100%; display: block;\" src=\"https:\/\/cpadollard.com\/wp-content\/uploads\/2025\/02\/RomyBergevin600x600.jpg\" alt=\"Romy Bergevin\" data-src=\"https:\/\/cpadollard.com\/wp-content\/uploads\/2025\/02\/RomyBergevin600x600.jpg\" data-holder-rendered=\"true\" \/><\/p>\n<div class=\"caption\">\n<h3>Romy Bergevin<\/h3>\n<p>Niveau: Entra\u00eeneur R\u00e9gional, en formation Entra\u00eeneur depuis: 2024 T\u00e9l:<br \/>\n<a href=\"Tel:+15145461017\">(514) 546-1017<\/a><\/p>\n<p>Courriel:<br \/>\n<a href=\"mailto:romy.bergevin@outlook.com\">romy.bergevin@outlook.com<\/a><\/p>\n<\/div>\n<\/div>\n<\/div>\n<div class=\"col-sm-6 col-md-3\">\n<div class=\"thumbnail\"><img decoding=\"async\" style=\"height: 100%; width: 100%; display: block;\" src=\"https:\/\/cpadollard.com\/wp-content\/uploads\/2025\/02\/Tamara600x600.jpg\" alt=\"Tamara Jurkiewicz Coach\" data-src=\"https:\/\/cpadollard.com\/wp-content\/uploads\/2025\/02\/Tamara600x600.jpg\" data-holder-rendered=\"true\" \/><\/p>\n<div class=\"caption\">\n<h3>Tamara Jurkiewicz<\/h3>\n<p>Niveau: Entra\u00eeneur Provincial Entra\u00eeneur depuis: 2016 Courriel:<br \/>\n<a href=\"mailto:tamarajurkiewicz@hotmail.com?suject=contactFromCPADollardFSC\">tamarajurkiewicz@hotmail.com&lt;\/a &gt;<\/a><\/p>\n<p>Salut, je m&rsquo;appelle Tamara. Je suis entraineur depuis 2016. J\u2019ai 13 ans<br \/>\nd\u2019exp\u00e9rience en tant que patineuse de comp\u00e9tition en simple et en<br \/>\ncouple. Avec un baccalaur\u00e9at en \u00e9ducation en main, j\u2019adore travailler<br \/>\navec des patineurs de tous \u00e2ges et de tous niveaux. Enseigner est<br \/>\nvraiment ce que j\u2019aime faire.<\/p>\n<\/div>\n<\/div>\n<\/div>\n<\/div>\n<div class=\"row\">\n<div class=\"col-sm-6 col-md-3\">\n<div class=\"thumbnail\"><img decoding=\"async\" style=\"height: 100%; width: 100%; display: block;\" src=\"https:\/\/cpadollard.com\/wp-content\/uploads\/2025\/02\/VanessaPiche600x600.jpg\" alt=\"Tamara Jurkiewicz Coach\" data-src=\"https:\/\/cpadollard.com\/wp-content\/uploads\/2025\/02\/VanessaPiche600x600.jpg\" data-holder-rendered=\"true\" \/><\/p>\n<div class=\"caption\">\n<h3>Vanessa Pich\u00e9<\/h3>\n<p>Niveau: Entra\u00eeneur R\u00e9gional Entra\u00eeneur depuis: 2018 T\u00e9l:<br \/>\n<a href=\"tel:+15142653648\">(514) 265-3648<\/a><\/p>\n<p>Courriel:<br \/>\n<a href=\"mailto:vanessa.piche@hotmail.com?suject=contactFromCPADollardFSC\">vanessa.piche@hotmail.com&lt;\/a &gt; <\/a><\/p>\n<\/div>\n<\/div>\n<\/div>\n<div class=\"col-sm-6 col-md-3\">\n<div class=\"thumbnail\"><img decoding=\"async\" style=\"height: 100%; width: 100%; display: block;\" src=\"https:\/\/cpadollard.com\/wp-content\/uploads\/2025\/02\/WendyFrench600x600.jpg\" alt=\"Wendy French\" data-src=\"https:\/\/cpadollard.com\/wp-content\/uploads\/2025\/02\/WendyFrench600x600.jpg\" data-holder-rendered=\"true\" \/><\/p>\n<div class=\"caption\">\n<h3>Wendy French<\/h3>\n<p>Niveau: National, en formation Entra\u00eeneur depuis: 1997 Courriel:<br \/>\n<a href=\"mailto:wendyfrench@yahoo.com\">wendyfrench@yahoo.com<\/a><\/p>\n<p>J&rsquo;ai plus de 40 ans d&rsquo;experience en tant qu&rsquo;entraineur en style libre et<br \/>\nhabilit\u00e9s. J&rsquo;aime partager mon amour pour le sport avec mes patineurs<br \/>\npour les aider \u00e0 atteindre leurs oblectifs personnels.<\/p>\n<\/div>\n<\/div>\n<\/div>\n<div class=\"col-sm-6 col-md-3\">\n<div class=\"thumbnail\"><img decoding=\"async\" style=\"height: 100%; width: 100%; display: block;\" src=\"https:\/\/cpadollard.com\/wp-content\/uploads\/2025\/02\/Yousef-Hanna-coach600x600-1.jpg\" alt=\"Yousef Hanna\" data-src=\"https:\/\/cpadollard.com\/wp-content\/uploads\/2025\/02\/Yousef-Hanna-coach600x600-1.jpg\" data-holder-rendered=\"true\" \/><\/p>\n<div class=\"caption\">\n<h3>Yousef Hanna<\/h3>\n<p>Niveau: Regional en formation Entra\u00eeneur depuis: Courriel:<\/p>\n<\/div>\n<\/div>\n<\/div>\n<\/div>\n<div class=\"row\">\n<div class=\"col-sm-6 col-md-3\">\n<div class=\"thumbnail\"><img decoding=\"async\" style=\"height: 100%; width: 100%; display: block;\" src=\"https:\/\/cpadollard.com\/wp-content\/uploads\/2025\/02\/ValerieLarouche600x600.jpg\" alt=\"Val\u00e9rie Larouche\" data-src=\"https:\/\/cpadollard.com\/wp-content\/uploads\/2025\/02\/ValerieLarouche600x600.jpg\" data-holder-rendered=\"true\" \/><\/p>\n<div class=\"caption\">\n<h3>Val\u00e9rie Larouche<\/h3>\n<p>Niveau: Entra\u00eeneur R\u00e9gional Entra\u00eeneur depuis: 2024 Courriel:<br \/>\nvlarouche.patin@outlook.com<\/p>\n<\/div>\n<\/div>\n<\/div>\n<\/div>\n<p>&nbsp;<\/p>\n<div class=\"row\">\n<h5>CanSkate Coaches:<\/h5>\n<p>Aur\u00e9a Cin\u00e7on-Debout Briana Houx Kevin Metodiev Laurianne Novachev L\u00e9ana Allen<\/p>\n<\/div>\n<hr \/>\n<h3>Intervenants du sport-\u00e9tudes<\/h3>\n<p><img decoding=\"async\" style=\"height: 20%; width: 20%; display: center;\" src=\"https:\/\/cpadollard.com\/wp-content\/uploads\/2025\/02\/Logo-Refait-SE.png\" alt=\"Logo Sport-\u00e9tudes\" data-src=\"https:\/\/cpadollard.com\/wp-content\/uploads\/2025\/02\/Logo-Refait-SE.png\" data-holder-rendered=\"true\" \/><\/p>\n<div class=\"row\">\n<div class=\"col-sm-6 col-md-3\">\n<div class=\"thumbnail\"><img decoding=\"async\" style=\"height: 100%; width: 100%; display: block;\" src=\"https:\/\/cpadollard.com\/wp-content\/uploads\/2018\/01\/Alexey-Mouratov_600x600.jpg\" alt=\"Alexei Mouratov\" data-src=\"https:\/\/cpadollard.com\/wp-content\/uploads\/2018\/01\/Alexey-Mouratov_600x600.jpg\" data-holder-rendered=\"true\" \/><\/p>\n<div class=\"caption\">\n<h4>Alexei Mouratov<\/h4>\n<h5>Entra\u00eeneur National<\/h5>\n<\/div>\n<\/div>\n<\/div>\n<div class=\"col-sm-6 col-md-3\">\n<div class=\"thumbnail\"><img decoding=\"async\" style=\"height: 100%; width: 100%; display: block;\" src=\"https:\/\/cpadollard.com\/wp-content\/uploads\/2025\/02\/Daria600x600.jpg\" alt=\"Daria Kruszel\" data-src=\"https:\/\/cpadollard.com\/wp-content\/uploads\/2025\/02\/Daria600x600.jpg\" data-holder-rendered=\"true\" \/><\/p>\n<div class=\"caption\">\n<h4>Daria Kruszel<\/h4>\n<h5>Professeur de Ballet et Contemporain<\/h5>\n<\/div>\n<\/div>\n<\/div>\n<div class=\"col-sm-6 col-md-3\">\n<div class=\"thumbnail\"><img decoding=\"async\" style=\"height: 100%; width: 100%; display: block;\" src=\"https:\/\/cpadollard.com\/wp-content\/uploads\/2025\/02\/Edrian-Paul-Celestino_pq_600x600.jpg\" alt=\"Edrian Paul Celestino\" data-src=\"https:\/\/cpadollard.com\/wp-content\/uploads\/2025\/02\/Edrian-Paul-Celestino_pq_600x600.jpg\" data-holder-rendered=\"true\" \/><\/p>\n<div class=\"caption\">\n<h3>Edrian Paul Celestino<\/h3>\n<h5>Entra\u00eeneur National<\/h5>\n<\/div>\n<\/div>\n<\/div>\n<div class=\"col-sm-6 col-md-3\">\n<div class=\"thumbnail\"><img decoding=\"async\" style=\"height: 100%; width: 100%; display: block;\" src=\"https:\/\/cpadollard.com\/wp-content\/uploads\/2020\/07\/avatar-woman_300x300.jpg\" alt=\"Julie Saumier\" data-src=\"https:\/\/cpadollard.com\/wp-content\/uploads\/2020\/07\/avatar-woman_300x300.jpg\" data-holder-rendered=\"true\" \/><\/p>\n<div class=\"caption\">\n<h4>Julie Saumier<\/h4>\n<h5>Entra\u00eeneur National<\/h5>\n<\/div>\n<\/div>\n<\/div>\n<\/div>\n<div class=\"row\">\n<div class=\"col-sm-6 col-md-3\">\n<div class=\"thumbnail\"><img decoding=\"async\" style=\"height: 100%; width: 100%; display: block;\" src=\"https:\/\/cpadollard.com\/wp-content\/uploads\/2020\/07\/avatar-woman_300x300.jpg\" alt=\"Louise Gagn\u00e9\" data-src=\"https:\/\/cpadollard.com\/wp-content\/uploads\/2020\/07\/avatar-woman_300x300.jpg\" data-holder-rendered=\"true\" \/><\/p>\n<div class=\"caption\">\n<h4>Louise Gagn\u00e9<\/h4>\n<h5>Entra\u00eeneur National<\/h5>\n<\/div>\n<\/div>\n<\/div>\n<div class=\"col-sm-6 col-md-3\">\n<div class=\"thumbnail\"><img decoding=\"async\" style=\"height: 100%; width: 100%; display: block;\" src=\"https:\/\/cpadollard.com\/wp-content\/uploads\/2025\/02\/melanieQuintal600x600.jpg\" alt=\"M\u00e9lanie Quintal\" data-src=\"https:\/\/cpadollard.com\/wp-content\/uploads\/2025\/02\/melanieQuintal600x600.jpg\" data-holder-rendered=\"true\" \/><\/p>\n<div class=\"caption\">\n<h4>M\u00e9lanie Quintal<\/h4>\n<h5>Entra\u00eeneur National<\/h5>\n<\/div>\n<\/div>\n<\/div>\n<div class=\"col-sm-6 col-md-3\">\n<div class=\"thumbnail\"><img decoding=\"async\" style=\"height: 100%; width: 100%; display: block;\" src=\"https:\/\/cpadollard.com\/wp-content\/uploads\/2025\/02\/Peggy-Meus600x600.jpg\" alt=\"Peggy Meus\" data-src=\"https:\/\/cpadollard.com\/wp-content\/uploads\/2025\/02\/Peggy-Meus600x600.jpg\" data-holder-rendered=\"true\" \/><\/p>\n<div class=\"caption\">\n<h4>Peggy Meus<\/h4>\n<h5>Entra\u00eeneur National<\/h5>\n<\/div>\n<\/div>\n<\/div>\n<div class=\"col-sm-6 col-md-3\">\n<div class=\"thumbnail\"><img decoding=\"async\" style=\"height: 100%; width: 100%; display: block;\" src=\"https:\/\/cpadollard.com\/wp-content\/uploads\/2018\/02\/Sylvie-Lamothe_600x600.jpg\" alt=\"Sylvie Lamothe\" data-src=\"https:\/\/cpadollard.com\/wp-content\/uploads\/2018\/02\/Sylvie-Lamothe_600x600.jpg\" data-holder-rendered=\"true\" \/><\/p>\n<div class=\"caption\">\n<h4>Sylvie Lamothe<\/h4>\n<h4>Directrice technique<\/h4>\n<h5>Entra\u00eeneur National<\/h5>\n<\/div>\n<\/div>\n<\/div>\n<\/div>\n<hr \/>\n","protected":false},"excerpt":{"rendered":"<p>CPA Dollard remercie tous les entra\u00eeneurs de club pour leur travail, leur d\u00e9vouement et leur amour du sport. Chaque entra\u00eeneur de club donne quelque chose de sp\u00e9cial quand il va sur la glace. Un grand MERCI des patineurs, des parents et du conseil d&rsquo;administration. Mise \u00e0 jour des domaines d&rsquo;expertise en enseignement Patinage Qu\u00e9bec, septembre <a class=\"more-link\" href=\"https:\/\/cpadollard.com\/fr\/entraineurs\/\">la suite&#8230; <i class=\"fa fa-chevron-right\"><\/i><\/a><\/p>\n","protected":false},"author":1,"featured_media":0,"parent":0,"menu_order":0,"comment_status":"closed","ping_status":"closed","template":"page-fullwidth.php","meta":{"footnotes":""},"class_list":["post-494","page","type-page","status-publish","hentry"],"_links":{"self":[{"href":"https:\/\/cpadollard.com\/fr\/wp-json\/wp\/v2\/pages\/494","targetHints":{"allow":["GET"]}}],"collection":[{"href":"https:\/\/cpadollard.com\/fr\/wp-json\/wp\/v2\/pages"}],"about":[{"href":"https:\/\/cpadollard.com\/fr\/wp-json\/wp\/v2\/types\/page"}],"author":[{"embeddable":true,"href":"https:\/\/cpadollard.com\/fr\/wp-json\/wp\/v2\/users\/1"}],"replies":[{"embeddable":true,"href":"https:\/\/cpadollard.com\/fr\/wp-json\/wp\/v2\/comments?post=494"}],"version-history":[{"count":64,"href":"https:\/\/cpadollard.com\/fr\/wp-json\/wp\/v2\/pages\/494\/revisions"}],"predecessor-version":[{"id":1968,"href":"https:\/\/cpadollard.com\/fr\/wp-json\/wp\/v2\/pages\/494\/revisions\/1968"}],"wp:attachment":[{"href":"https:\/\/cpadollard.com\/fr\/wp-json\/wp\/v2\/media?parent=494"}],"curies":[{"name":"wp","href":"https:\/\/api.w.org\/{rel}","templated":true}]}}