{"id":485,"date":"2018-08-18T09:39:54","date_gmt":"2018-08-18T13:39:54","guid":{"rendered":"https:\/\/cpadollard.com\/?page_id=485"},"modified":"2025-10-02T20:32:17","modified_gmt":"2025-10-03T00:32:17","slug":"achat-de-glace","status":"publish","type":"page","link":"https:\/\/cpadollard.com\/fr\/achat-de-glace\/","title":{"rendered":"Achat de glace"},"content":{"rendered":"<div class=\"content-area col-sm-12 col-md-12\">\n<h3><strong>Glace en soir\u00e9e:<\/strong><\/h3>\n<p>$12\/h pour les membres de Dollard<br \/>\n$15\/h pour les second club ou non-membres<br \/>\n<strong>**Svp pr\u00e9parer le montant exact, aucun change**<\/strong><\/p>\n<h3><strong>Glace au sport-\u00e9tude (lundi, mardi, jeudi, vendredi 13h30 &#8211; 15h20; mercredi 13h30 &#8211; 17h20)<\/strong><\/h3>\n<p>$12\/h pour les patineurs comp\u00e9titifs home club (Ceci est un r\u00e8glement \u00e9tabli par Magali depuis l&rsquo;ann\u00e9e pass\u00e9e, nous laissons les patineurs comp\u00e9titifs du home club \u00e0 b\u00e9n\u00e9ficier un meilleur prix de buyon).<br \/>\n$20\/h pour les seconde club ou non membres<br \/>\n<strong>**Svp pr\u00e9parer le montant exact, aucun change**<\/strong><\/p>\n<\/div>\n<div class=\"content-area col-sm-12 col-md-12\">\n<div style=\"display: none;\">\n<h2>Pour acheter du temps de glace dans notre club nous avons besoin des informations suivantes:<\/h2>\n<p>&nbsp;<\/p>\n<p>Le nom complet du\/des patineur(s), le num\u00e9ro de Patinage Canada, le dernier test r\u00e9ussi, le nom du club local et le nom complet du\/des entra\u00eeneur(s). Le d\u00e9faut de nous envoyer les informations n\u00e9cessaires invalidera votre demande.<\/p>\n<p>Le CPA Dollard a le droit de refuser tout patineur \/ entra\u00eeneur sur la glace si vous ne nous avez pas envoyez une demande d&rsquo;achat.<br \/>\n<a href=\"https:\/\/cpadollard.com\/fr\/horaires\/\">S&rsquo;il vous pla\u00eet, consultez notre horaire de glace avant de faire une demander de glace<\/a>.<\/p>\n<p>Toutes les demandes d&rsquo;achat de glace seront trait\u00e9es par email. Toutes les demandes ne peuvent \u00eatre accept\u00e9es en raison de : glace \u00e0 pleine capacit\u00e9, niveau des patineurs. C&rsquo;est \u00e0 la discr\u00e9tion du conseil d&rsquo;administration de prendre la d\u00e9cision.<\/p>\n<p><strong>S&rsquo;il vous pla\u00eet, voir notre capitaine de glace dans la patinoire pour effectuer le paiement &#8211; en esp\u00e8ces seulement!<\/strong><\/p>\n<ul>\n<li style=\"list-style-type: none;\">\n<ul>\n<li>session de 50 minutes (10 $ membre du CPA Dollard et 15 $ non member du CPA Dollard)<\/li>\n<\/ul>\n<\/li>\n<\/ul>\n<p>&nbsp;<\/p>\n<p>Veuillez \u00e9crire par courriel (<a href=\"mailto:contactus@cpadollard.com\">contactus@cpadollard.com<\/a>) une demande en sp\u00e9cifiant:<br \/>\n&#8211; Nom du Patineur<br \/>\n&#8211; courriel<br \/>\n&#8211; Num\u00e9ro Skate Canada<br \/>\n&#8211; Dernier test pass\u00e9<br \/>\n&#8211; Club d&rsquo;origine<br \/>\n&#8211; Nom de l&rsquo;entraineur<br \/>\n&#8211; Jour et heure de glace<\/p>\n<p>Merci<\/p>\n<\/div>\n<\/div>\n","protected":false},"excerpt":{"rendered":"<p>Glace en soir\u00e9e: $12\/h pour les membres de Dollard $15\/h pour les second club ou non-membres **Svp pr\u00e9parer le montant exact, aucun change** Glace au sport-\u00e9tude (lundi, mardi, jeudi, vendredi 13h30 &#8211; 15h20; mercredi 13h30 &#8211; 17h20) $12\/h pour les patineurs comp\u00e9titifs home club (Ceci est un r\u00e8glement \u00e9tabli par Magali depuis l&rsquo;ann\u00e9e pass\u00e9e, nous <a class=\"more-link\" href=\"https:\/\/cpadollard.com\/fr\/achat-de-glace\/\">la suite&#8230; <i class=\"fa fa-chevron-right\"><\/i><\/a><\/p>\n","protected":false},"author":1,"featured_media":0,"parent":0,"menu_order":0,"comment_status":"closed","ping_status":"closed","template":"","meta":{"footnotes":""},"class_list":["post-485","page","type-page","status-publish","hentry"],"_links":{"self":[{"href":"https:\/\/cpadollard.com\/fr\/wp-json\/wp\/v2\/pages\/485","targetHints":{"allow":["GET"]}}],"collection":[{"href":"https:\/\/cpadollard.com\/fr\/wp-json\/wp\/v2\/pages"}],"about":[{"href":"https:\/\/cpadollard.com\/fr\/wp-json\/wp\/v2\/types\/page"}],"author":[{"embeddable":true,"href":"https:\/\/cpadollard.com\/fr\/wp-json\/wp\/v2\/users\/1"}],"replies":[{"embeddable":true,"href":"https:\/\/cpadollard.com\/fr\/wp-json\/wp\/v2\/comments?post=485"}],"version-history":[{"count":18,"href":"https:\/\/cpadollard.com\/fr\/wp-json\/wp\/v2\/pages\/485\/revisions"}],"predecessor-version":[{"id":1938,"href":"https:\/\/cpadollard.com\/fr\/wp-json\/wp\/v2\/pages\/485\/revisions\/1938"}],"wp:attachment":[{"href":"https:\/\/cpadollard.com\/fr\/wp-json\/wp\/v2\/media?parent=485"}],"curies":[{"name":"wp","href":"https:\/\/api.w.org\/{rel}","templated":true}]}}