{"id":478,"date":"2018-08-18T09:33:02","date_gmt":"2018-08-18T13:33:02","guid":{"rendered":"https:\/\/cpadollard.com\/?page_id=478"},"modified":"2025-10-02T20:43:26","modified_gmt":"2025-10-03T00:43:26","slug":"conseil-dadministration","status":"publish","type":"page","link":"https:\/\/cpadollard.com\/fr\/conseil-dadministration\/","title":{"rendered":"Conseil d&rsquo;administration"},"content":{"rendered":"<div class=\"row\">\n<div class=\"col-sm-6 col-md-3\">\n<div class=\"thumbnail\">\n<h3 style=\"text-align: center;\"><img decoding=\"async\" class=\"aligncenter\" style=\"height: 100%; width: 100%; display: block;\" src=\"https:\/\/cpadollard.com\/wp-content\/uploads\/2025\/10\/melanieLaflamme_600x600.jpg\" alt=\"\" data-src=\"https:\/\/cpadollard.com\/wp-content\/uploads\/2025\/10\/melanieLaflamme_600x600.jpg\" data-holder-rendered=\"true\" \/><\/h3>\n<h3 style=\"text-align: center;\">M\u00e9lanie Laflamme<\/h3>\n<h5 style=\"text-align: center;\"><span style=\"text-align: center;\">Pr\u00e9sidente<\/span><\/h5>\n<div class=\"caption\" style=\"text-align: center;\">\n                <a class=\"btn btn-primary\" role=\"button\" href=\"mailto:president@cpadollard.com;melanie.laflamme@cpadollard.com\">Contact<br \/>\n                <\/a>\n            <\/div>\n<\/p><\/div>\n<\/p><\/div>\n<div class=\"col-sm-6 col-md-3\" style=\"text-align: center;\">\n<div class=\"thumbnail\">\n<h3 style=\"text-align: center;\"><img decoding=\"async\" class=\"aligncenter\" style=\"height: 100%; width: 100%; display: block;\" src=\"https:\/\/cpadollard.com\/wp-content\/uploads\/2020\/07\/avatar-woman_300x300.jpg\" alt=\"\" data-src=\"https:\/\/cpadollard.com\/wp-content\/uploads\/2020\/07\/avatar-woman_300x300.jpg\" data-holder-rendered=\"true\" \/><\/h3>\n<h3 style=\"text-align: center;\">Haiyan Fang<\/h3>\n<h5 style=\"text-align: center;\"><span style=\"text-align: center;\">Vice-Pr\u00e9sidente &amp; Directrice des Tests et Comp\u00e9titions<\/span><\/h5>\n<div class=\"caption\" style=\"text-align: center;\">\n                <a class=\"btn btn-primary\" role=\"button\" href=\"mailto:vp@cpadollard.com\">Contact<\/a>\n            <\/div>\n<\/p><\/div>\n<\/p><\/div>\n<div class=\"col-sm-6 col-md-3\" style=\"text-align: center;\">\n<div class=\"thumbnail\">\n<h3 style=\"text-align: center;\"><img decoding=\"async\" class=\"aligncenter\" style=\"height: 100%; width: 100%; display: block;\" src=\"https:\/\/cpadollard.com\/wp-content\/uploads\/2020\/07\/avatar-woman_300x300.jpg\" alt=\"\" data-src=\"https:\/\/cpadollard.com\/wp-content\/uploads\/2020\/07\/avatar-woman_300x300.jpg\" data-holder-rendered=\"true\" \/><\/h3>\n<h3 style=\"text-align: center;\">Zhaohua Miao<\/h3>\n<h5 style=\"text-align: center;\"><span style=\"text-align: center;\">tr\u00e9sori\u00e8re<\/span><\/h5>\n<div class=\"caption\" style=\"text-align: center;\">\n                <a class=\"btn btn-primary\" role=\"button\" href=\"mailto:zhaohua.miao@cpadollard.com\">Contact<\/a>\n            <\/div>\n<\/p><\/div>\n<\/p><\/div>\n<\/div>\n<p>&nbsp;<\/p>\n<div class=\"row\">\n<div class=\"col-sm-6 col-md-3\" style=\"text-align: center;\">\n<div class=\"thumbnail\">\n<h3 style=\"text-align: center;\"><img decoding=\"async\" class=\"aligncenter\" style=\"height: 100%; width: 100%; display: block;\" src=\"https:\/\/cpadollard.com\/wp-content\/uploads\/2020\/07\/avatar-woman_300x300.jpg\" alt=\"\" data-src=\"https:\/\/cpadollard.com\/wp-content\/uploads\/2020\/07\/avatar-woman_300x300.jpg\" data-holder-rendered=\"true\" \/><\/h3>\n<h3 style=\"text-align: center;\">Wei Liu<\/h3>\n<h5 style=\"text-align: center;\"><span style=\"text-align: center;\">Registraire<\/span><\/h5>\n<div class=\"caption\" style=\"text-align: center;\">\n                <a class=\"btn btn-primary\" role=\"button\" href=\"mailto:wei.liu@cpadollard.com\">Contact<\/a>\n            <\/div>\n<\/p><\/div>\n<\/p><\/div>\n<div class=\"col-sm-6 col-md-3\" style=\"text-align: center;\">\n<div class=\"thumbnail\">\n<h3 style=\"text-align: center;\"><img decoding=\"async\" class=\"aligncenter\" style=\"height: 100%; width: 100%; display: block;\" src=\"https:\/\/cpadollard.com\/wp-content\/uploads\/2018\/02\/Sylvie-Lamothe_600x600.jpg\" alt=\"Sylvie Lamothe\" data-src=\"https:\/\/cpadollard.com\/wp-content\/uploads\/2018\/02\/Sylvie-Lamothe_600x600.jpg\" data-holder-rendered=\"true\" \/><\/h3>\n<h3 style=\"text-align: center;\">Sylvie Lamothe<\/h3>\n<h5 style=\"text-align: center;\"><span style=\"text-align: center;\">Repr\u00e9sentante des entra\u00eeneurs<\/span><\/h5>\n<div class=\"caption\" style=\"text-align: center;\">\n                <a class=\"btn btn-primary\" role=\"button\" href=\"mailto:sylvie_lamothe_6@me.com\">Contact<\/a>\n            <\/div>\n<\/p><\/div>\n<\/p><\/div>\n<\/div>\n","protected":false},"excerpt":{"rendered":"<p>M\u00e9lanie Laflamme Pr\u00e9sidente Contact Haiyan Fang Vice-Pr\u00e9sidente &amp; Directrice des Tests et Comp\u00e9titions Contact Zhaohua Miao tr\u00e9sori\u00e8re Contact &nbsp; Wei Liu Registraire Contact Sylvie Lamothe Repr\u00e9sentante des entra\u00eeneurs Contact<\/p>\n","protected":false},"author":1,"featured_media":0,"parent":0,"menu_order":0,"comment_status":"closed","ping_status":"closed","template":"page-fullwidth.php","meta":{"footnotes":""},"class_list":["post-478","page","type-page","status-publish","hentry"],"_links":{"self":[{"href":"https:\/\/cpadollard.com\/fr\/wp-json\/wp\/v2\/pages\/478","targetHints":{"allow":["GET"]}}],"collection":[{"href":"https:\/\/cpadollard.com\/fr\/wp-json\/wp\/v2\/pages"}],"about":[{"href":"https:\/\/cpadollard.com\/fr\/wp-json\/wp\/v2\/types\/page"}],"author":[{"embeddable":true,"href":"https:\/\/cpadollard.com\/fr\/wp-json\/wp\/v2\/users\/1"}],"replies":[{"embeddable":true,"href":"https:\/\/cpadollard.com\/fr\/wp-json\/wp\/v2\/comments?post=478"}],"version-history":[{"count":20,"href":"https:\/\/cpadollard.com\/fr\/wp-json\/wp\/v2\/pages\/478\/revisions"}],"predecessor-version":[{"id":1946,"href":"https:\/\/cpadollard.com\/fr\/wp-json\/wp\/v2\/pages\/478\/revisions\/1946"}],"wp:attachment":[{"href":"https:\/\/cpadollard.com\/fr\/wp-json\/wp\/v2\/media?parent=478"}],"curies":[{"name":"wp","href":"https:\/\/api.w.org\/{rel}","templated":true}]}}