{"id":473,"date":"2018-08-18T09:20:33","date_gmt":"2018-08-18T13:20:33","guid":{"rendered":"https:\/\/cpadollard.com\/?page_id=473"},"modified":"2025-02-11T22:23:11","modified_gmt":"2025-02-12T03:23:11","slug":"accueil","status":"publish","type":"page","link":"https:\/\/cpadollard.com\/fr\/","title":{"rendered":"Accueil"},"content":{"rendered":"<div id=\"metaslider-id-845\" style=\"max-width: 1920px;\" class=\"ml-slider-3-107-0 metaslider metaslider-flex metaslider-845 ml-slider has-dots-nav ms-theme-default\" role=\"region\" aria-label=\"FR Slideshow\" data-height=\"700\" data-width=\"1920\">\n    <div id=\"metaslider_container_845\">\n        <div id=\"metaslider_845\">\n            <ul class='slides'>\n                <li style=\"display: block; width: 100%;\" class=\"slide-849 ms-image \" aria-roledescription=\"slide\" data-date=\"2019-02-24 11:47:40\" data-filename=\"MichelProulx2026_baniere.jpg\" data-slide-type=\"image\"><img loading=\"lazy\" decoding=\"async\" src=\"https:\/\/cpadollard.com\/wp-content\/uploads\/2026\/03\/MichelProulx2026_baniere.jpg\" height=\"700\" width=\"1920\" alt=\"\" class=\"slider-845 slide-849 msDefaultImage\" title=\"MichelProulx2026_baniere\" \/><\/li>\n                <li style=\"display: none; width: 100%;\" class=\"slide-850 ms-image \" aria-roledescription=\"slide\" data-date=\"2019-02-24 11:47:48\" data-filename=\"Please-Subscribe-851x310.png\" data-slide-type=\"image\"><img loading=\"lazy\" decoding=\"async\" src=\"https:\/\/cpadollard.com\/wp-content\/uploads\/2025\/03\/Please-Subscribe-851x310.png\" height=\"700\" width=\"1920\" alt=\"\" class=\"slider-845 slide-850 msDefaultImage\" title=\"Please Subscribe\" \/><\/li>\n                <li style=\"display: none; width: 100%;\" class=\"slide-851 ms-image \" aria-roledescription=\"slide\" data-date=\"2019-02-24 11:47:55\" data-filename=\"JeuxDuQuebec2026_baniereSite.jpg\" data-slide-type=\"image\"><img loading=\"lazy\" decoding=\"async\" src=\"https:\/\/cpadollard.com\/wp-content\/uploads\/2026\/03\/JeuxDuQuebec2026_baniereSite.jpg\" height=\"700\" width=\"1920\" alt=\"\" class=\"slider-845 slide-851 msDefaultImage\" title=\"JeuxDuQuebec2026_baniereSite\" \/><\/li>\n                <li style=\"display: none; width: 100%;\" class=\"slide-1906 ms-image \" aria-roledescription=\"slide\" data-date=\"2025-03-30 14:41:24\" data-filename=\"baniereAureaEtEarl-1-1920x700.jpg\" data-slide-type=\"image\"><img loading=\"lazy\" decoding=\"async\" src=\"https:\/\/cpadollard.com\/wp-content\/uploads\/2025\/03\/baniereAureaEtEarl-1-1920x700.jpg\" height=\"700\" width=\"1920\" alt=\"\" class=\"slider-845 slide-1906 msDefaultImage\" title=\"baniereAureaEtEarl\" \/><\/li>\n            <\/ul>\n        <\/div>\n        \n    <\/div>\n<\/div>\n<p><!--\n\n\n\n<hr>\n\n\n\n&nbsp;\n\n\n<h2 style=\"color:#ff0000;font-weight:500;\">Spectacle de No\u00ebl 2021<\/h2>\n\n\n\n\n<h3 style=\"color:#ff0000;font-weight:400;\">Samedi 18 d\u00e9cembre, 19h00, Ar\u00e9na 2 du Centre Civique de Dollard des Ormeaux<\/h3>\n\n\nLe CPA Dollard est heureux de vous inviter au SPECTACLE DE NO\u00cbL 2021, anim\u00e9 par les athl\u00e8tes du programme Sport-\u00c9tudes. Le spectacle aura lieu le samedi 18 d\u00e9cembre \u00e0 19h dans l'ar\u00e9na 2.\n\nInvit\u00e9s sp\u00e9ciaux : Les champions canadiens de danse pr\u00e9-novice 2022 : Aur\u00e9a et EJ\n\nLes billets seront en vente \u00e0 l'entr\u00e9e du spectacle : 10$. Gratuit pour les moins de 5 ans.\n\n\n<p style=\"font-style:italic;\">Note importante : la pr\u00e9sentation du passeport vaccinal est obligatoire, ainsi qu'une pi\u00e8ce d'identit\u00e9.<\/p>\n\n\n&nbsp;\n\n--><\/p>\n<hr \/>\n<p>&nbsp;<\/p>\n<h2>Bienvenue au Club de Patinage Artistique Dollard<\/h2>\n<p>&nbsp;<\/p>\n<p>Le Club de Patinage Artistique Dollard est un organisme sans but lucratif membre de Patinage Canada et de Patinage Qu\u00e9bec. Le club est g\u00e9r\u00e9 et administr\u00e9 par un conseil d\u2019administration dont les membres sont tous b\u00e9n\u00e9voles et a comme mission d\u2019offrir les programmes de Patinage Canada.<\/p>\n<p>L&rsquo;objectif du CPA Dollard est d&rsquo;offrir \u00e0 tous les habitants de Dollard-des-Ormeaux, un programme d&rsquo;apprentissage adapt\u00e9, s\u00e9curitaire et convivial. Les programmes sont ouverts \u00e0 tous les patineurs: enfants, adultes, r\u00e9cr\u00e9atifs et comp\u00e9titifs.<\/p>\n<p>Tous les programmes sont enseign\u00e9s par des entra\u00eeneurs professionnels certifi\u00e9s du Programme national de certification des entra\u00eeneurs (PNCE). Les programmes de Patinage Canada sont fond\u00e9s sur le mod\u00e8le de d\u00e9veloppement \u00e0 long terme de l\u2019athl\u00e8te (DLTA). Le DLTA a pour but d\u2019aider les entra\u00eeneurs, les parents, les b\u00e9n\u00e9voles et les administrateurs \u00e0 cr\u00e9er un environnement dans lequel les patineurs peuvent se d\u00e9velopper et r\u00e9aliser tout leur potentiel dans le sport, qu\u2019ils s\u2019int\u00e9ressent au patinage r\u00e9cr\u00e9atif ou au patinage de comp\u00e9tition.<\/p>\n<p>Les programmes offerts sont: le Patinage Plus, le Patinage Star, le Patinage de Comp\u00e9tition, le programme \u00c9tudes Patinage Qu\u00e9bec (Apprenti-Athl\u00e8te, Sport-\u00c9tudes).<\/p>\n<p>&nbsp;<\/p>\n<div style=\"display: none;\">\n<h2 style=\"color: #ff0000;\">Assembl\u00e9 G\u00e9n\u00e9rale Annuelle de 2021<\/h2>\n<p>    C&rsquo;est avec grand plaisir que le CA vous convoque pour l&rsquo;Assembl\u00e9 G\u00e9n\u00e9rale Annuelle de 2021 le 16 ao\u00fbt \u00e0 19h sur Google Meet. Cette assembl\u00e9e sera suivie par une courte assembl\u00e9e extraordinaire afin d&rsquo;autoriser le CA \u00e0 faire des modifications aux lettres patentes et celle-ci se tiendra \u00e0 20h15 sur Google Meet.<\/p>\n<p>    Vous trouverez dans le document joint:<\/p>\n<ul>\n<li>L&rsquo;avis de convocation pour l&rsquo;Assembl\u00e9e G\u00e9n\u00e9rale Annuelle<\/li>\n<li>L&rsquo;ordre de jour pour l&rsquo;Assembl\u00e9e G\u00e9n\u00e9ral Annuelle<\/li>\n<li>L&rsquo;avis de convocation pour l&rsquo;Assembl\u00e9e Extraordinaire<\/li>\n<li>L&rsquo;ordre du jour pour l&rsquo;Assembl\u00e9e Extraordinaire<\/li>\n<li>La proc\u00e9dure de mise en candidature (postes ouverts: Pr\u00e9sident, Secr\u00e9taire et 2 directeurs)<\/li>\n<li>Le bulletin de mise en candidature<\/li>\n<li>La marche \u00e0 suivre pour se connecter \u00e0 Google Meet<\/li>\n<\/ul>\n<p>    <a href=\"https:\/\/cpadollard.com\/wp-content\/uploads\/2021\/07\/Avis-de-convocation-AGA-2021-AGM-Notice-of-Meeting.pdf\" target=\"_blank\" rel=\"noopener\">T\u00e9l\u00e9charger l&rsquo;Avis de convocation 2021<\/a><\/p>\n<\/div>\n<p><!--\n\n\n<h2 style=\"color:#ff0000;\">Information IMPORTANTE (27 Novembre 2020)<\/h2>\n\n\n\n\n<h3>En raison de la pand\u00e9mie de COVID-19, toutes les activit\u00e9s restent suspendues jusqu'\u00e0 nouvel ordre.<\/h3>\n\n\n\n\n<h3>Les membres du bureau restent actifs pour pr\u00e9parer le retour sur la glace.<\/h3>\n\n\n\n\n<h3>D\u2019ici \u00e0 ce que nous puissions nous revoir, soyez prudents et respectez les consignes sanitaires. Ensemble, nous allons vaincre la COVID-19 et ainsi reprendre nos activit\u00e9s le plus rapidement possible.<\/h3>\n\n\n\n\n<h3>Nous esp\u00e9rons vous revoir tr\u00e8s bient\u00f4t.<\/h3>\n\n\n\n\n<h3>L'\u00e9quipe du CPA Dollard.<\/h3>\n\n\n--><br \/>\n<!--\n\n\n<h3>En raison de la pand\u00e9mie de COVID-19 et dans l'int\u00e9r\u00eat de la s\u00e9curit\u00e9 de tous les patineurs et entra\u00eeneurs, Patinage Qu\u00e9bec a impos\u00e9 des restrictions importantes \u00e0 nos programmes. Le nombre de patineurs autoris\u00e9s sur la glace sera tr\u00e8s restreint.<\/h3>\n\n\n\n\n<h3>De plus, nos heures de glace octroy\u00e9es par la ville de DDO ont consid\u00e9rablement diminu\u00e9, ce qui affectera les heures d\u00e9di\u00e9es \u00e0 chaque programme.<\/h3>\n\n\n&nbsp;\n\n\n<h3 style=\"color:#ff0000;font-weight:300;\">Inscriptions Patinage Plus - Apprendre \u00e0 patiner. COVID-19 Mises \u00e0 jour.<\/h3>\n\n\n\n\n<h3 style=\"color:#ff0000;font-weight:300;\">IMPORTANT: La session d'automne de Patinage Plus est annul\u00e9e. Veuillez revenir r\u00e9guli\u00e8rement pour plus d'informations sur la session d'hiver 2021.<\/h3>\n\n\n&nbsp;\n\n\n<h3 style=\"color:#ff0000;\">Inscriptions Patinage Star<\/h3>\n\n\n\n\n<h3>Les inscriptions au Patinage Star sont maintenant ouvertes.<\/h3>\n\n\n\n\n<h4>Cliquez sur le lien suivant pour acc\u00e9der \u00e0 la page d'inscription au programme STAR. N'oubliez pas de vous connecter\/identifier.<\/h4>\n\n\n<a href=\"https:\/\/cpadollard.uplifterinc.com\/registration\/Star-Skate-Private-Ice-Fall-2020\/?lang=fre\" class=\"btn btn-primary\" role=\"button\" target=\"_blank\">INSCRIPTION PATINAGE STAR<\/a>\n\n&nbsp;\n\n--><\/p>\n<div style=\"display: none;\">\n<h3>Les inscriptions au programme Patinage Plus sont ouvertes pour les ANCIENS Patineurs, R\u00e9sidents DDO SEULEMENT.<\/h3>\n<h4>Regardez dans vos courriels pour trouver le lien d&rsquo;inscription.<\/h4>\n<p>    <!--\n\n\n<h4>Cliquez sur le lien suivant pour acc\u00e9der \u00e0 la page d'inscription au programme Patinage Plus. N'oubliez pas de vous connecter\/identifier.<\/h4>\n\n\n<a href=\"https:\/\/cpadollard.uplifterinc.com\/registration\/CanSkate-Fall-2020\/?lang=fre\" class=\"btn btn-primary\" role=\"button\" target=\"_blank\">INSCRIPTION PATINAGE PLUS<\/a>\n\n--><\/p>\n<p>    &nbsp;<\/p>\n<h4>Veuillez lire attentivement ce qui suit:<\/h4>\n<ul>\n<li>Nous autoriserons uniquement les patineurs qui \u00e9taient inscrits en 2019-2020 et qui n&rsquo;ont pas besoin d&rsquo;aide \u00e0 se d\u00e9placer \/ se tenir sur la glace<\/li>\n<li>Les nouveaux patineurs doivent avoir 5 ans et + et ne doivent pas n\u00e9cessiter d&rsquo;assistance<\/li>\n<\/ul>\n<p>    Nos entra\u00eeneurs et assistants de programme ne sont pas autoris\u00e9s \u00e0 toucher \/ aider les patineurs pendant cette p\u00e9riode de Covid-19. Si votre patineur ne peut pas patiner, se tenir debout ou tomber et se relever seul, nous ne pouvons pas accepter son inscription. Veuillez comprendre que cela est d\u00fb au Covid-19, nous esp\u00e9rons revenir bient\u00f4t \u00e0 la normale!<\/p>\n<p>    <strong>Phases d&rsquo;inscription au Patinage Plus<\/strong><\/p>\n<p>    <em>Veuillez respecter les phases d&rsquo;inscription, nous ne rembourserons pas les frais administratifs encourus si vous ne vous \u00eates pas inscrit en cons\u00e9quence.<\/em><\/p>\n<p>    <strong>Sept 14 au 17:<\/strong> ANCIENS patineurs, R\u00e9sident DDO, peuvent s&rsquo;inscrire<br \/>\n    <strong>Sept 18 au 21:<\/strong> ANCIENS patineurs, NON-R\u00e9sident DDO, peuvent s&rsquo;inscrire<br \/>\n    <strong>Sept 22 au 24:<\/strong> NOUVEAUX patineurs, R\u00e9sident DDO, peuvent s&rsquo;inscrire<br \/>\n    <strong>Sept 25 au 28:<\/strong> NOUVEAUX patineurs (5 ans et +, ind\u00e9pendant) peuvent s&rsquo;inscrire<\/p>\n<p>    Les inscriptions se cl\u00f4tureront le 10 octobre 2020<br \/>\n    <em>Les places sont limit\u00e9es (seulement 24 patineurs sont autoris\u00e9s sur la glace)<\/em><\/p>\n<p>    <strong>Horaire du patinage d&rsquo;automne<\/strong><\/p>\n<p>    <strong>Samedi :<\/strong> 17 octobre au 19 d\u00e9cembre 11h30-12h30 (10 semaines)<br \/>\n    <strong>Dimanche :<\/strong> 18 octobre au 20 d\u00e9cembre 10h00-11h00 (10 semaines)<\/p>\n<\/div>\n<p><!--\n\n\n<h2 style=\"color:#ff0000;\">Information IMPORTANTE (28 Ao\u00fbt 2020)<\/h2>\n\n\n\n\n<h3>En raison de la pand\u00e9mie de COVID-19 et dans l'int\u00e9r\u00eat de la s\u00e9curit\u00e9 de tous les patineurs et entra\u00eeneurs, Patinage Qu\u00e9bec a impos\u00e9 des restrictions importantes \u00e0 nos programmes. Le nombre de patineurs autoris\u00e9s sur la glace sera tr\u00e8s restreint.<\/h3>\n\n\n\n\n<h3>De plus, nos heures de glace octroy\u00e9es par la ville de DDO ont consid\u00e9rablement diminu\u00e9, ce qui affectera les heures d\u00e9di\u00e9es \u00e0 chaque programme.<\/h3>\n\n\n\n\n<h3 style=\"color:#ff0000;\">Inscription Patinage Plus<\/h3>\n\n\n\n\n<h3>Les inscriptions au programme Patinage Plus ne sont pas encore ouvertes. Merci de votre patience.<\/h3>\n\n\n\n\n<h3 style=\"color:#ff0000;\">Inscription Patinage Star<\/h3>\n\n\n\n\n<h3>Les inscriptions au programme Patinage Star d\u00e9buteront lundi 31 Ao\u00fbt apr\u00e8s la r\u00e9union d'information sur nos programme 2020-2021 (la r\u00e9union est \u00e0 19h00).<\/h3>\n\n\n&nbsp;\n\n\n<h4>Cliquez sur le lien suivant pour acc\u00e9der \u00e0 la page d'inscription au programme STAR. N'oubliez pas de vous connecter\/identifier.<\/h4>\n\n\n<a href=\"https:\/\/cpadollard.uplifterinc.com\/registration\/Star-Skate-Private-Ice-Fall-2020\/?lang=fre\" class=\"btn btn-primary\" role=\"button\" target=\"_blank\">INSCRIPTION PATINAGE STAR<\/a>\n\n--><\/p>\n","protected":false},"excerpt":{"rendered":"<p>&nbsp; Bienvenue au Club de Patinage Artistique Dollard &nbsp; Le Club de Patinage Artistique Dollard est un organisme sans but lucratif membre de Patinage Canada et de Patinage Qu\u00e9bec. Le club est g\u00e9r\u00e9 et administr\u00e9 par un conseil d\u2019administration dont les membres sont tous b\u00e9n\u00e9voles et a comme mission d\u2019offrir les programmes de Patinage Canada. <a class=\"more-link\" href=\"https:\/\/cpadollard.com\/fr\/\">la suite&#8230; <i class=\"fa fa-chevron-right\"><\/i><\/a><\/p>\n","protected":false},"author":1,"featured_media":0,"parent":0,"menu_order":0,"comment_status":"closed","ping_status":"closed","template":"page-fullwidth.php","meta":{"footnotes":""},"class_list":["post-473","page","type-page","status-publish","hentry"],"_links":{"self":[{"href":"https:\/\/cpadollard.com\/fr\/wp-json\/wp\/v2\/pages\/473","targetHints":{"allow":["GET"]}}],"collection":[{"href":"https:\/\/cpadollard.com\/fr\/wp-json\/wp\/v2\/pages"}],"about":[{"href":"https:\/\/cpadollard.com\/fr\/wp-json\/wp\/v2\/types\/page"}],"author":[{"embeddable":true,"href":"https:\/\/cpadollard.com\/fr\/wp-json\/wp\/v2\/users\/1"}],"replies":[{"embeddable":true,"href":"https:\/\/cpadollard.com\/fr\/wp-json\/wp\/v2\/comments?post=473"}],"version-history":[{"count":127,"href":"https:\/\/cpadollard.com\/fr\/wp-json\/wp\/v2\/pages\/473\/revisions"}],"predecessor-version":[{"id":1728,"href":"https:\/\/cpadollard.com\/fr\/wp-json\/wp\/v2\/pages\/473\/revisions\/1728"}],"wp:attachment":[{"href":"https:\/\/cpadollard.com\/fr\/wp-json\/wp\/v2\/media?parent=473"}],"curies":[{"name":"wp","href":"https:\/\/api.w.org\/{rel}","templated":true}]}}