{"id":1881,"date":"2025-03-30T09:45:34","date_gmt":"2025-03-30T13:45:34","guid":{"rendered":"https:\/\/cpadollard.com\/?page_id=1881"},"modified":"2025-03-30T15:24:42","modified_gmt":"2025-03-30T19:24:42","slug":"seminaire-2025","status":"publish","type":"page","link":"https:\/\/cpadollard.com\/fr\/seminaire-2025\/","title":{"rendered":"S\u00e9minaire 2025"},"content":{"rendered":"<p>Nous sommes ravis d&rsquo;annoncer un prochain\u00a0<strong>S\u00e9minaire de patinage artistique<\/strong>\u00a0qui se tiendra du\u00a0<strong>23 au 25 mai 2025<\/strong>. Ce s\u00e9minaire offrira une occasion unique de travailler avec trois entra\u00eeneurs de renomm\u00e9e internationale :<\/p>\n<p><strong>Nancy Lemaire<\/strong>\u00a0: Nancy Lemaire est une entra\u00eeneure de patinage artistique canadienne tr\u00e8s respect\u00e9e, avec plus de 30 ans d&rsquo;exp\u00e9rience dans ce sport. Elle a entra\u00een\u00e9 de nombreux champions nationaux et internationaux, reconnue pour son expertise \u00e0 la fois dans les comp\u00e9tences techniques et artistiques. Le d\u00e9vouement de Nancy \u00e0 d\u00e9velopper des patineurs de tous niveaux a fait d&rsquo;elle une figure de proue de la communaut\u00e9 du patinage artistique.<\/p>\n<p><strong>Signe Ronka<\/strong>\u00a0: Signe Ronka est une entra\u00eeneure de patinage artistique canadienne accomplie, connue pour son expertise dans le d\u00e9veloppement des patineurs \u00e0 tous les niveaux. En plus de son coaching, elle est la fondatrice de\u00a0<strong>Flexafit<\/strong>, une entreprise sp\u00e9cialis\u00e9e dans les programmes de conditionnement physique pour les patineurs. Flexafit aide les athl\u00e8tes \u00e0 am\u00e9liorer leur force, leur flexibilit\u00e9 et leur performance globale, leur assurant ainsi d&rsquo;\u00eatre physiquement pr\u00eats \u00e0 exceller sur la glace.<\/p>\n<p><strong>Madeline Schizas<\/strong>\u00a0: Madeline Schizas est une talentueuse patineuse artistique canadienne, reconnue pour son expression artistique et ses comp\u00e9tences techniques. En tant que championne nationale et comp\u00e9titrice internationale, elle a repr\u00e9sent\u00e9 le Canada lors de divers \u00e9v\u00e9nements prestigieux, y compris les Championnats du Monde. Connue pour son \u00e9l\u00e9gance et sa pr\u00e9cision sur la glace, Madeline continue d&rsquo;inspirer la prochaine g\u00e9n\u00e9ration de patineurs par son d\u00e9vouement et sa passion pour ce sport.<\/p>\n<p>Ces entra\u00eeneurs et patineurs de renom apportent une exp\u00e9rience et un savoir-faire exceptionnels qui b\u00e9n\u00e9ficieront grandement \u00e0 tous les participants. Ce s\u00e9minaire est con\u00e7u pour les patineurs de niveaux vari\u00e9s, avec un accent particulier sur l&rsquo;am\u00e9lioration de la technique, des comp\u00e9tences et de la performance.<\/p>\n<p><img loading=\"lazy\" decoding=\"async\" class=\"alignnone size-full wp-image-1913\" src=\"https:\/\/cpadollard.com\/wp-content\/uploads\/2025\/03\/BaniereSeminaire2025-2-fran\u00e7ais-1.png\" alt=\"\" width=\"1920\" height=\"700\" srcset=\"https:\/\/cpadollard.com\/wp-content\/uploads\/2025\/03\/BaniereSeminaire2025-2-fran\u00e7ais-1.png 1920w, https:\/\/cpadollard.com\/wp-content\/uploads\/2025\/03\/BaniereSeminaire2025-2-fran\u00e7ais-1-300x109.png 300w, https:\/\/cpadollard.com\/wp-content\/uploads\/2025\/03\/BaniereSeminaire2025-2-fran\u00e7ais-1-768x280.png 768w, https:\/\/cpadollard.com\/wp-content\/uploads\/2025\/03\/BaniereSeminaire2025-2-fran\u00e7ais-1-1024x373.png 1024w\" sizes=\"auto, (max-width: 1920px) 100vw, 1920px\" \/><\/p>\n","protected":false},"excerpt":{"rendered":"<p>Nous sommes ravis d&rsquo;annoncer un prochain\u00a0S\u00e9minaire de patinage artistique\u00a0qui se tiendra du\u00a023 au 25 mai 2025. Ce s\u00e9minaire offrira une occasion unique de travailler avec trois entra\u00eeneurs de renomm\u00e9e internationale : Nancy Lemaire\u00a0: Nancy Lemaire est une entra\u00eeneure de patinage artistique canadienne tr\u00e8s respect\u00e9e, avec plus de 30 ans d&rsquo;exp\u00e9rience dans ce sport. Elle a <a class=\"more-link\" href=\"https:\/\/cpadollard.com\/fr\/seminaire-2025\/\">la suite&#8230; <i class=\"fa fa-chevron-right\"><\/i><\/a><\/p>\n","protected":false},"author":1,"featured_media":0,"parent":0,"menu_order":0,"comment_status":"closed","ping_status":"closed","template":"","meta":{"footnotes":""},"class_list":["post-1881","page","type-page","status-publish","hentry"],"_links":{"self":[{"href":"https:\/\/cpadollard.com\/fr\/wp-json\/wp\/v2\/pages\/1881","targetHints":{"allow":["GET"]}}],"collection":[{"href":"https:\/\/cpadollard.com\/fr\/wp-json\/wp\/v2\/pages"}],"about":[{"href":"https:\/\/cpadollard.com\/fr\/wp-json\/wp\/v2\/types\/page"}],"author":[{"embeddable":true,"href":"https:\/\/cpadollard.com\/fr\/wp-json\/wp\/v2\/users\/1"}],"replies":[{"embeddable":true,"href":"https:\/\/cpadollard.com\/fr\/wp-json\/wp\/v2\/comments?post=1881"}],"version-history":[{"count":6,"href":"https:\/\/cpadollard.com\/fr\/wp-json\/wp\/v2\/pages\/1881\/revisions"}],"predecessor-version":[{"id":1917,"href":"https:\/\/cpadollard.com\/fr\/wp-json\/wp\/v2\/pages\/1881\/revisions\/1917"}],"wp:attachment":[{"href":"https:\/\/cpadollard.com\/fr\/wp-json\/wp\/v2\/media?parent=1881"}],"curies":[{"name":"wp","href":"https:\/\/api.w.org\/{rel}","templated":true}]}}